
{"id":6750,"date":"2023-09-27T13:47:38","date_gmt":"2023-09-27T17:47:38","guid":{"rendered":"https:\/\/marymount.emsbdev.com\/?page_id=6750"},"modified":"2024-03-24T14:20:58","modified_gmt":"2024-03-24T18:20:58","slug":"safe-school-action-plan","status":"publish","type":"page","link":"https:\/\/royalwest.emsb.qc.ca\/fr\/safe-school-action-plan\/","title":{"rendered":"Plan d'action pour la s\u00e9curit\u00e9 \u00e0 l'\u00e9cole"},"content":{"rendered":"","protected":false},"excerpt":{"rendered":"","protected":false},"author":8,"featured_media":0,"parent":0,"menu_order":0,"comment_status":"closed","ping_status":"closed","template":"","meta":{"site-sidebar-layout":"no-sidebar","site-content-layout":"page-builder","ast-site-content-layout":"default","site-content-style":"default","site-sidebar-style":"default","ast-global-header-display":"","ast-banner-title-visibility":"","ast-main-header-display":"","ast-hfb-above-header-display":"","ast-hfb-below-header-display":"","ast-hfb-mobile-header-display":"","site-post-title":"disabled","ast-breadcrumbs-content":"","ast-featured-img":"disabled","footer-sml-layout":"","ast-disable-related-posts":"","theme-transparent-header-meta":"default","adv-header-id-meta":"","stick-header-meta":"","header-above-stick-meta":"","header-main-stick-meta":"","header-below-stick-meta":"","astra-migrate-meta-layouts":"set","ast-page-background-enabled":"default","ast-page-background-meta":{"desktop":{"background-color":"var(--ast-global-color-4)","background-image":"","background-repeat":"repeat","background-position":"center center","background-size":"auto","background-attachment":"scroll","background-type":"","background-media":"","overlay-type":"","overlay-color":"","overlay-opacity":"","overlay-gradient":""},"tablet":{"background-color":"","background-image":"","background-repeat":"repeat","background-position":"center center","background-size":"auto","background-attachment":"scroll","background-type":"","background-media":"","overlay-type":"","overlay-color":"","overlay-opacity":"","overlay-gradient":""},"mobile":{"background-color":"","background-image":"","background-repeat":"repeat","background-position":"center center","background-size":"auto","background-attachment":"scroll","background-type":"","background-media":"","overlay-type":"","overlay-color":"","overlay-opacity":"","overlay-gradient":""}},"ast-content-background-meta":{"desktop":{"background-color":"var(--ast-global-color-5)","background-image":"","background-repeat":"repeat","background-position":"center center","background-size":"auto","background-attachment":"scroll","background-type":"","background-media":"","overlay-type":"","overlay-color":"","overlay-opacity":"","overlay-gradient":""},"tablet":{"background-color":"var(--ast-global-color-5)","background-image":"","background-repeat":"repeat","background-position":"center center","background-size":"auto","background-attachment":"scroll","background-type":"","background-media":"","overlay-type":"","overlay-color":"","overlay-opacity":"","overlay-gradient":""},"mobile":{"background-color":"var(--ast-global-color-5)","background-image":"","background-repeat":"repeat","background-position":"center center","background-size":"auto","background-attachment":"scroll","background-type":"","background-media":"","overlay-type":"","overlay-color":"","overlay-opacity":"","overlay-gradient":""}},"footnotes":""},"class_list":["post-6750","page","type-page","status-publish","hentry"],"yoast_head":"<!-- This site is optimized with the Yoast SEO plugin v27.5 - https:\/\/yoast.com\/product\/yoast-seo-wordpress\/ -->\n<title>Safe School Action Plan - Royal West Academy<\/title>\n<meta name=\"robots\" content=\"index, follow, max-snippet:-1, max-image-preview:large, max-video-preview:-1\" \/>\n<link rel=\"canonical\" href=\"https:\/\/royalwest.emsb.qc.ca\/fr\/safe-school-action-plan\/\" \/>\n<meta property=\"og:locale\" content=\"fr_FR\" \/>\n<meta property=\"og:type\" content=\"article\" \/>\n<meta property=\"og:title\" content=\"Safe School Action Plan - Royal West Academy\" \/>\n<meta property=\"og:url\" content=\"https:\/\/royalwest.emsb.qc.ca\/fr\/safe-school-action-plan\/\" \/>\n<meta property=\"og:site_name\" content=\"Royal West Academy\" \/>\n<meta property=\"article:modified_time\" content=\"2024-03-24T18:20:58+00:00\" \/>\n<meta name=\"twitter:card\" content=\"summary_large_image\" \/>\n<script type=\"application\/ld+json\" class=\"yoast-schema-graph\">{\"@context\":\"https:\\\/\\\/schema.org\",\"@graph\":[{\"@type\":\"WebPage\",\"@id\":\"https:\\\/\\\/royalwest.emsb.qc.ca\\\/safe-school-action-plan\\\/\",\"url\":\"https:\\\/\\\/royalwest.emsb.qc.ca\\\/safe-school-action-plan\\\/\",\"name\":\"Safe School Action Plan - Royal West Academy\",\"isPartOf\":{\"@id\":\"https:\\\/\\\/royalwest.emsb.qc.ca\\\/#website\"},\"datePublished\":\"2023-09-27T17:47:38+00:00\",\"dateModified\":\"2024-03-24T18:20:58+00:00\",\"breadcrumb\":{\"@id\":\"https:\\\/\\\/royalwest.emsb.qc.ca\\\/safe-school-action-plan\\\/#breadcrumb\"},\"inLanguage\":\"fr-FR\",\"potentialAction\":[{\"@type\":\"ReadAction\",\"target\":[\"https:\\\/\\\/royalwest.emsb.qc.ca\\\/safe-school-action-plan\\\/\"]}]},{\"@type\":\"BreadcrumbList\",\"@id\":\"https:\\\/\\\/royalwest.emsb.qc.ca\\\/safe-school-action-plan\\\/#breadcrumb\",\"itemListElement\":[{\"@type\":\"ListItem\",\"position\":1,\"name\":\"Home\",\"item\":\"https:\\\/\\\/royalwest.emsb.qc.ca\\\/\"},{\"@type\":\"ListItem\",\"position\":2,\"name\":\"Safe School Action Plan\"}]},{\"@type\":\"WebSite\",\"@id\":\"https:\\\/\\\/royalwest.emsb.qc.ca\\\/#website\",\"url\":\"https:\\\/\\\/royalwest.emsb.qc.ca\\\/\",\"name\":\"Royal West Academy\",\"description\":\"Royal West Academy\",\"publisher\":{\"@id\":\"https:\\\/\\\/royalwest.emsb.qc.ca\\\/#organization\"},\"potentialAction\":[{\"@type\":\"SearchAction\",\"target\":{\"@type\":\"EntryPoint\",\"urlTemplate\":\"https:\\\/\\\/royalwest.emsb.qc.ca\\\/?s={search_term_string}\"},\"query-input\":{\"@type\":\"PropertyValueSpecification\",\"valueRequired\":true,\"valueName\":\"search_term_string\"}}],\"inLanguage\":\"fr-FR\"},{\"@type\":\"Organization\",\"@id\":\"https:\\\/\\\/royalwest.emsb.qc.ca\\\/#organization\",\"name\":\"Royal West Academy\",\"url\":\"https:\\\/\\\/royalwest.emsb.qc.ca\\\/\",\"logo\":{\"@type\":\"ImageObject\",\"inLanguage\":\"fr-FR\",\"@id\":\"https:\\\/\\\/royalwest.emsb.qc.ca\\\/#\\\/schema\\\/logo\\\/image\\\/\",\"url\":\"https:\\\/\\\/royalwest.emsb.qc.ca\\\/wp-content\\\/uploads\\\/sites\\\/8\\\/2024\\\/03\\\/Screenshot-2024-07-02-155539.jpg\",\"contentUrl\":\"https:\\\/\\\/royalwest.emsb.qc.ca\\\/wp-content\\\/uploads\\\/sites\\\/8\\\/2024\\\/03\\\/Screenshot-2024-07-02-155539.jpg\",\"width\":784,\"height\":562,\"caption\":\"Royal West Academy\"},\"image\":{\"@id\":\"https:\\\/\\\/royalwest.emsb.qc.ca\\\/#\\\/schema\\\/logo\\\/image\\\/\"}}]}<\/script>\n<!-- \/ Yoast SEO plugin. -->","yoast_head_json":{"title":"Safe School Action Plan - Royal West Academy","robots":{"index":"index","follow":"follow","max-snippet":"max-snippet:-1","max-image-preview":"max-image-preview:large","max-video-preview":"max-video-preview:-1"},"canonical":"https:\/\/royalwest.emsb.qc.ca\/fr\/safe-school-action-plan\/","og_locale":"fr_FR","og_type":"article","og_title":"Safe School Action Plan - Royal West Academy","og_url":"https:\/\/royalwest.emsb.qc.ca\/fr\/safe-school-action-plan\/","og_site_name":"Royal West Academy","article_modified_time":"2024-03-24T18:20:58+00:00","twitter_card":"summary_large_image","schema":{"@context":"https:\/\/schema.org","@graph":[{"@type":"WebPage","@id":"https:\/\/royalwest.emsb.qc.ca\/safe-school-action-plan\/","url":"https:\/\/royalwest.emsb.qc.ca\/safe-school-action-plan\/","name":"Safe School Action Plan - Royal West Academy","isPartOf":{"@id":"https:\/\/royalwest.emsb.qc.ca\/#website"},"datePublished":"2023-09-27T17:47:38+00:00","dateModified":"2024-03-24T18:20:58+00:00","breadcrumb":{"@id":"https:\/\/royalwest.emsb.qc.ca\/safe-school-action-plan\/#breadcrumb"},"inLanguage":"fr-FR","potentialAction":[{"@type":"ReadAction","target":["https:\/\/royalwest.emsb.qc.ca\/safe-school-action-plan\/"]}]},{"@type":"BreadcrumbList","@id":"https:\/\/royalwest.emsb.qc.ca\/safe-school-action-plan\/#breadcrumb","itemListElement":[{"@type":"ListItem","position":1,"name":"Home","item":"https:\/\/royalwest.emsb.qc.ca\/"},{"@type":"ListItem","position":2,"name":"Safe School Action Plan"}]},{"@type":"WebSite","@id":"https:\/\/royalwest.emsb.qc.ca\/#website","url":"https:\/\/royalwest.emsb.qc.ca\/","name":"Acad\u00e9mie Royal West","description":"Acad\u00e9mie Royal West","publisher":{"@id":"https:\/\/royalwest.emsb.qc.ca\/#organization"},"potentialAction":[{"@type":"SearchAction","target":{"@type":"EntryPoint","urlTemplate":"https:\/\/royalwest.emsb.qc.ca\/?s={search_term_string}"},"query-input":{"@type":"PropertyValueSpecification","valueRequired":true,"valueName":"search_term_string"}}],"inLanguage":"fr-FR"},{"@type":"Organization","@id":"https:\/\/royalwest.emsb.qc.ca\/#organization","name":"Acad\u00e9mie Royal West","url":"https:\/\/royalwest.emsb.qc.ca\/","logo":{"@type":"ImageObject","inLanguage":"fr-FR","@id":"https:\/\/royalwest.emsb.qc.ca\/#\/schema\/logo\/image\/","url":"https:\/\/royalwest.emsb.qc.ca\/wp-content\/uploads\/sites\/8\/2024\/03\/Screenshot-2024-07-02-155539.jpg","contentUrl":"https:\/\/royalwest.emsb.qc.ca\/wp-content\/uploads\/sites\/8\/2024\/03\/Screenshot-2024-07-02-155539.jpg","width":784,"height":562,"caption":"Royal West Academy"},"image":{"@id":"https:\/\/royalwest.emsb.qc.ca\/#\/schema\/logo\/image\/"}}]}},"_links":{"self":[{"href":"https:\/\/royalwest.emsb.qc.ca\/fr\/wp-json\/wp\/v2\/pages\/6750","targetHints":{"allow":["GET"]}}],"collection":[{"href":"https:\/\/royalwest.emsb.qc.ca\/fr\/wp-json\/wp\/v2\/pages"}],"about":[{"href":"https:\/\/royalwest.emsb.qc.ca\/fr\/wp-json\/wp\/v2\/types\/page"}],"author":[{"embeddable":true,"href":"https:\/\/royalwest.emsb.qc.ca\/fr\/wp-json\/wp\/v2\/users\/8"}],"replies":[{"embeddable":true,"href":"https:\/\/royalwest.emsb.qc.ca\/fr\/wp-json\/wp\/v2\/comments?post=6750"}],"version-history":[{"count":19,"href":"https:\/\/royalwest.emsb.qc.ca\/fr\/wp-json\/wp\/v2\/pages\/6750\/revisions"}],"predecessor-version":[{"id":8200,"href":"https:\/\/royalwest.emsb.qc.ca\/fr\/wp-json\/wp\/v2\/pages\/6750\/revisions\/8200"}],"wp:attachment":[{"href":"https:\/\/royalwest.emsb.qc.ca\/fr\/wp-json\/wp\/v2\/media?parent=6750"}],"curies":[{"name":"wp","href":"https:\/\/api.w.org\/{rel}","templated":true}]}}