
{"id":11953,"date":"2024-11-08T15:38:31","date_gmt":"2024-11-08T20:38:31","guid":{"rendered":"https:\/\/royalwest.emsbstaging.com\/?page_id=11953"},"modified":"2026-04-09T08:43:19","modified_gmt":"2026-04-09T12:43:19","slug":"rwa-newsletters","status":"publish","type":"page","link":"https:\/\/royalwest.emsb.qc.ca\/fr\/rwa-newsletters\/","title":{"rendered":"Infolettres de l'ARW"},"content":{"rendered":"<div data-elementor-type=\"wp-page\" data-elementor-id=\"11953\" class=\"elementor elementor-11953\" data-elementor-post-type=\"page\">\n\t\t\t\t\t\t<section class=\"elementor-section elementor-top-section elementor-element elementor-element-3195d8b6 elementor-section-full_width elementor-section-height-default elementor-section-height-default\" data-id=\"3195d8b6\" data-element_type=\"section\" data-e-type=\"section\" data-settings=\"{&quot;jet_parallax_layout_list&quot;:[]}\">\n\t\t\t\t\t\t<div class=\"elementor-container elementor-column-gap-default\">\n\t\t\t\t\t<div class=\"elementor-column elementor-col-100 elementor-top-column elementor-element elementor-element-2a06b17a\" data-id=\"2a06b17a\" data-element_type=\"column\" data-e-type=\"column\">\n\t\t\t<div class=\"elementor-widget-wrap elementor-element-populated\">\n\t\t\t\t\t\t<div class=\"elementor-element elementor-element-6c884ea0 elementor-widget elementor-widget-image\" data-id=\"6c884ea0\" data-element_type=\"widget\" data-e-type=\"widget\" data-widget_type=\"image.default\">\n\t\t\t\t<div class=\"elementor-widget-container\">\n\t\t\t\t\t\t\t\t\t\t\t\t\t\t\t<img fetchpriority=\"high\" decoding=\"async\" width=\"768\" height=\"251\" src=\"https:\/\/royalwest.emsb.qc.ca\/wp-content\/uploads\/sites\/8\/2024\/11\/pens-and-pencils-in-buckets-768x251.png\" class=\"attachment-medium_large size-medium_large wp-image-11759\" alt=\"\" srcset=\"https:\/\/royalwest.emsb.qc.ca\/wp-content\/uploads\/sites\/8\/2024\/11\/pens-and-pencils-in-buckets-768x251.png 768w, https:\/\/royalwest.emsb.qc.ca\/wp-content\/uploads\/sites\/8\/2024\/11\/pens-and-pencils-in-buckets-300x98.png 300w, https:\/\/royalwest.emsb.qc.ca\/wp-content\/uploads\/sites\/8\/2024\/11\/pens-and-pencils-in-buckets-1024x334.png 1024w, https:\/\/royalwest.emsb.qc.ca\/wp-content\/uploads\/sites\/8\/2024\/11\/pens-and-pencils-in-buckets-18x6.png 18w, https:\/\/royalwest.emsb.qc.ca\/wp-content\/uploads\/sites\/8\/2024\/11\/pens-and-pencils-in-buckets.png 1440w\" sizes=\"(max-width: 768px) 100vw, 768px\" \/>\t\t\t\t\t\t\t\t\t\t\t\t\t\t\t<\/div>\n\t\t\t\t<\/div>\n\t\t\t\t\t<\/div>\n\t\t<\/div>\n\t\t\t\t\t<\/div>\n\t\t<\/section>\n\t\t\t\t<section class=\"elementor-section elementor-top-section elementor-element elementor-element-11d4aed elementor-section-boxed elementor-section-height-default elementor-section-height-default\" data-id=\"11d4aed\" data-element_type=\"section\" data-e-type=\"section\" data-settings=\"{&quot;jet_parallax_layout_list&quot;:[]}\">\n\t\t\t\t\t\t<div class=\"elementor-container elementor-column-gap-default\">\n\t\t\t\t\t<div class=\"elementor-column elementor-col-100 elementor-top-column elementor-element elementor-element-b93f0d0\" data-id=\"b93f0d0\" data-element_type=\"column\" data-e-type=\"column\">\n\t\t\t<div class=\"elementor-widget-wrap elementor-element-populated\">\n\t\t\t\t\t\t<div class=\"elementor-element elementor-element-882a37e elementor-widget elementor-widget-spacer\" data-id=\"882a37e\" data-element_type=\"widget\" data-e-type=\"widget\" data-widget_type=\"spacer.default\">\n\t\t\t\t<div class=\"elementor-widget-container\">\n\t\t\t\t\t\t\t<div class=\"elementor-spacer\">\n\t\t\t<div class=\"elementor-spacer-inner\"><\/div>\n\t\t<\/div>\n\t\t\t\t\t\t<\/div>\n\t\t\t\t<\/div>\n\t\t\t\t\t<\/div>\n\t\t<\/div>\n\t\t\t\t\t<\/div>\n\t\t<\/section>\n\t\t\t\t<section class=\"elementor-section elementor-top-section elementor-element elementor-element-2293ab47 elementor-section-boxed elementor-section-height-default elementor-section-height-default\" data-id=\"2293ab47\" data-element_type=\"section\" data-e-type=\"section\" data-settings=\"{&quot;jet_parallax_layout_list&quot;:[]}\">\n\t\t\t\t\t\t<div class=\"elementor-container elementor-column-gap-no\">\n\t\t\t\t\t<div class=\"elementor-column elementor-col-100 elementor-top-column elementor-element elementor-element-1cee71d8\" data-id=\"1cee71d8\" data-element_type=\"column\" data-e-type=\"column\">\n\t\t\t<div class=\"elementor-widget-wrap elementor-element-populated\">\n\t\t\t\t\t\t<div class=\"elementor-element elementor-element-fa83813 elementor-widget__width-auto elementor-widget elementor-widget-heading\" data-id=\"fa83813\" data-element_type=\"widget\" data-e-type=\"widget\" data-widget_type=\"heading.default\">\n\t\t\t\t<div class=\"elementor-widget-container\">\n\t\t\t\t\t<h2 class=\"elementor-heading-title elementor-size-default\">Infolettres de l'ARW<\/h2>\t\t\t\t<\/div>\n\t\t\t\t<\/div>\n\t\t\t\t<div class=\"elementor-element elementor-element-0c932d3 elementor-widget elementor-widget-text-editor\" data-id=\"0c932d3\" data-element_type=\"widget\" data-e-type=\"widget\" data-widget_type=\"text-editor.default\">\n\t\t\t\t<div class=\"elementor-widget-container\">\n\t\t\t\t\t\t\t\t\t<div class=\"rwa-newsletters\"><p>Les infolettres de l'ARW sont publi\u00e9es mensuellement pendant l'ann\u00e9e scolaire (de septembre \u00e0 mai). Tous les articles, commentaires, suggestions et la correspondance g\u00e9n\u00e9rale doivent \u00eatre adress\u00e9s \u00e0 la r\u00e9daction en chef \u00e0\u00a0<a href=\"mailto:rwanews@gmail.com\">rwanews@gmail.com<\/a>. N'oubliez pas que la qualit\u00e9 de cette infolettre est tributaire des articles que vous y contribuez, et nous vous en remercions vivement!<\/p><h2><strong>Infolettres<\/strong><\/h2><ul><li><a href=\"https:\/\/royalwest.emsb.qc.ca\/wp-content\/uploads\/sites\/8\/2026\/04\/March-2026-Newsletter-4.pdf\">March 2026<\/a><\/li><li><a href=\"https:\/\/royalwest.emsb.qc.ca\/wp-content\/uploads\/sites\/8\/2026\/02\/Feb-2026-RWA-Newsletter.pdf\" target=\"_blank\" rel=\"noopener\">February 2026<br \/><\/a><\/li><li><a href=\"https:\/\/royalwest.emsb.qc.ca\/wp-content\/uploads\/sites\/8\/2025\/12\/December-2025.pdf\" target=\"_blank\" rel=\"noopener\">D\u00e9cembre 2025<br \/><\/a><\/li><li><a href=\"https:\/\/royalwest.emsb.qc.ca\/wp-content\/uploads\/sites\/8\/2025\/10\/October-2025.pdf\" target=\"_blank\" rel=\"noopener\">Octobre 2025<br \/><\/a><\/li><\/ul><\/div>\t\t\t\t\t\t\t\t<\/div>\n\t\t\t\t<\/div>\n\t\t\t\t\t<\/div>\n\t\t<\/div>\n\t\t\t\t\t<\/div>\n\t\t<\/section>\n\t\t\t\t<\/div>","protected":false},"excerpt":{"rendered":"<p>RWA Newsletters RWA News is published monthly during the academic year (from September to May). All articles, comments, suggestions and general correspondence should be directed to the editor at\u00a0rwanews@gmail.com. Remember that this school newsletter is only as good as the articles you contribute\u2014and for that we thank you very much! Newsletters March 2026 February 2026 [&hellip;]<\/p>\n","protected":false},"author":11,"featured_media":0,"parent":0,"menu_order":0,"comment_status":"closed","ping_status":"closed","template":"","meta":{"site-sidebar-layout":"no-sidebar","site-content-layout":"page-builder","ast-site-content-layout":"full-width-container","site-content-style":"unboxed","site-sidebar-style":"unboxed","ast-global-header-display":"","ast-banner-title-visibility":"","ast-main-header-display":"","ast-hfb-above-header-display":"","ast-hfb-below-header-display":"","ast-hfb-mobile-header-display":"","site-post-title":"disabled","ast-breadcrumbs-content":"","ast-featured-img":"disabled","footer-sml-layout":"","ast-disable-related-posts":"","theme-transparent-header-meta":"default","adv-header-id-meta":"","stick-header-meta":"","header-above-stick-meta":"","header-main-stick-meta":"","header-below-stick-meta":"","astra-migrate-meta-layouts":"set","ast-page-background-enabled":"default","ast-page-background-meta":{"desktop":{"background-color":"var(--ast-global-color-4)","background-image":"","background-repeat":"repeat","background-position":"center center","background-size":"auto","background-attachment":"scroll","background-type":"","background-media":"","overlay-type":"","overlay-color":"","overlay-opacity":"","overlay-gradient":""},"tablet":{"background-color":"","background-image":"","background-repeat":"repeat","background-position":"center center","background-size":"auto","background-attachment":"scroll","background-type":"","background-media":"","overlay-type":"","overlay-color":"","overlay-opacity":"","overlay-gradient":""},"mobile":{"background-color":"","background-image":"","background-repeat":"repeat","background-position":"center center","background-size":"auto","background-attachment":"scroll","background-type":"","background-media":"","overlay-type":"","overlay-color":"","overlay-opacity":"","overlay-gradient":""}},"ast-content-background-meta":{"desktop":{"background-color":"var(--ast-global-color-5)","background-image":"","background-repeat":"repeat","background-position":"center center","background-size":"auto","background-attachment":"scroll","background-type":"","background-media":"","overlay-type":"","overlay-color":"","overlay-opacity":"","overlay-gradient":""},"tablet":{"background-color":"var(--ast-global-color-5)","background-image":"","background-repeat":"repeat","background-position":"center center","background-size":"auto","background-attachment":"scroll","background-type":"","background-media":"","overlay-type":"","overlay-color":"","overlay-opacity":"","overlay-gradient":""},"mobile":{"background-color":"var(--ast-global-color-5)","background-image":"","background-repeat":"repeat","background-position":"center center","background-size":"auto","background-attachment":"scroll","background-type":"","background-media":"","overlay-type":"","overlay-color":"","overlay-opacity":"","overlay-gradient":""}},"footnotes":""},"class_list":["post-11953","page","type-page","status-publish","hentry"],"yoast_head":"<!-- This site is optimized with the Yoast SEO plugin v27.3 - https:\/\/yoast.com\/product\/yoast-seo-wordpress\/ -->\n<title>RWA Newsletters - Royal West Academy<\/title>\n<meta name=\"robots\" content=\"index, follow, max-snippet:-1, max-image-preview:large, max-video-preview:-1\" \/>\n<link rel=\"canonical\" href=\"https:\/\/royalwest.emsb.qc.ca\/fr\/rwa-newsletters\/\" \/>\n<meta property=\"og:locale\" content=\"fr_FR\" \/>\n<meta property=\"og:type\" content=\"article\" \/>\n<meta property=\"og:title\" content=\"RWA Newsletters - Royal West Academy\" \/>\n<meta property=\"og:description\" content=\"RWA Newsletters RWA News is published monthly during the academic year (from September to May). All articles, comments, suggestions and general correspondence should be directed to the editor at\u00a0rwanews@gmail.com. Remember that this school newsletter is only as good as the articles you contribute\u2014and for that we thank you very much! Newsletters March 2026 February 2026 [&hellip;]\" \/>\n<meta property=\"og:url\" content=\"https:\/\/royalwest.emsb.qc.ca\/fr\/rwa-newsletters\/\" \/>\n<meta property=\"og:site_name\" content=\"Royal West Academy\" \/>\n<meta property=\"article:modified_time\" content=\"2026-04-09T12:43:19+00:00\" \/>\n<meta property=\"og:image\" content=\"https:\/\/royalwest.emsb.qc.ca\/wp-content\/uploads\/sites\/8\/2024\/11\/pens-and-pencils-in-buckets.png\" \/>\n\t<meta property=\"og:image:width\" content=\"1440\" \/>\n\t<meta property=\"og:image:height\" content=\"470\" \/>\n\t<meta property=\"og:image:type\" content=\"image\/png\" \/>\n<meta name=\"twitter:card\" content=\"summary_large_image\" \/>\n<meta name=\"twitter:label1\" content=\"Dur\u00e9e de lecture estim\u00e9e\" \/>\n\t<meta name=\"twitter:data1\" content=\"1 minute\" \/>\n<script type=\"application\/ld+json\" class=\"yoast-schema-graph\">{\"@context\":\"https:\\\/\\\/schema.org\",\"@graph\":[{\"@type\":\"WebPage\",\"@id\":\"https:\\\/\\\/royalwest.emsb.qc.ca\\\/rwa-newsletters\\\/\",\"url\":\"https:\\\/\\\/royalwest.emsb.qc.ca\\\/rwa-newsletters\\\/\",\"name\":\"RWA Newsletters - Royal West Academy\",\"isPartOf\":{\"@id\":\"https:\\\/\\\/royalwest.emsb.qc.ca\\\/#website\"},\"primaryImageOfPage\":{\"@id\":\"https:\\\/\\\/royalwest.emsb.qc.ca\\\/rwa-newsletters\\\/#primaryimage\"},\"image\":{\"@id\":\"https:\\\/\\\/royalwest.emsb.qc.ca\\\/rwa-newsletters\\\/#primaryimage\"},\"thumbnailUrl\":\"https:\\\/\\\/royalwest.emsb.qc.ca\\\/wp-content\\\/uploads\\\/sites\\\/8\\\/2024\\\/11\\\/pens-and-pencils-in-buckets-768x251.png\",\"datePublished\":\"2024-11-08T20:38:31+00:00\",\"dateModified\":\"2026-04-09T12:43:19+00:00\",\"breadcrumb\":{\"@id\":\"https:\\\/\\\/royalwest.emsb.qc.ca\\\/rwa-newsletters\\\/#breadcrumb\"},\"inLanguage\":\"fr-FR\",\"potentialAction\":[{\"@type\":\"ReadAction\",\"target\":[\"https:\\\/\\\/royalwest.emsb.qc.ca\\\/rwa-newsletters\\\/\"]}]},{\"@type\":\"ImageObject\",\"inLanguage\":\"fr-FR\",\"@id\":\"https:\\\/\\\/royalwest.emsb.qc.ca\\\/rwa-newsletters\\\/#primaryimage\",\"url\":\"https:\\\/\\\/royalwest.emsb.qc.ca\\\/wp-content\\\/uploads\\\/sites\\\/8\\\/2024\\\/11\\\/pens-and-pencils-in-buckets-768x251.png\",\"contentUrl\":\"https:\\\/\\\/royalwest.emsb.qc.ca\\\/wp-content\\\/uploads\\\/sites\\\/8\\\/2024\\\/11\\\/pens-and-pencils-in-buckets-768x251.png\"},{\"@type\":\"BreadcrumbList\",\"@id\":\"https:\\\/\\\/royalwest.emsb.qc.ca\\\/rwa-newsletters\\\/#breadcrumb\",\"itemListElement\":[{\"@type\":\"ListItem\",\"position\":1,\"name\":\"Home\",\"item\":\"https:\\\/\\\/royalwest.emsb.qc.ca\\\/\"},{\"@type\":\"ListItem\",\"position\":2,\"name\":\"RWA Newsletters\"}]},{\"@type\":\"WebSite\",\"@id\":\"https:\\\/\\\/royalwest.emsb.qc.ca\\\/#website\",\"url\":\"https:\\\/\\\/royalwest.emsb.qc.ca\\\/\",\"name\":\"Royal West Academy\",\"description\":\"Royal West Academy\",\"publisher\":{\"@id\":\"https:\\\/\\\/royalwest.emsb.qc.ca\\\/#organization\"},\"potentialAction\":[{\"@type\":\"SearchAction\",\"target\":{\"@type\":\"EntryPoint\",\"urlTemplate\":\"https:\\\/\\\/royalwest.emsb.qc.ca\\\/?s={search_term_string}\"},\"query-input\":{\"@type\":\"PropertyValueSpecification\",\"valueRequired\":true,\"valueName\":\"search_term_string\"}}],\"inLanguage\":\"fr-FR\"},{\"@type\":\"Organization\",\"@id\":\"https:\\\/\\\/royalwest.emsb.qc.ca\\\/#organization\",\"name\":\"Royal West Academy\",\"url\":\"https:\\\/\\\/royalwest.emsb.qc.ca\\\/\",\"logo\":{\"@type\":\"ImageObject\",\"inLanguage\":\"fr-FR\",\"@id\":\"https:\\\/\\\/royalwest.emsb.qc.ca\\\/#\\\/schema\\\/logo\\\/image\\\/\",\"url\":\"https:\\\/\\\/royalwest.emsb.qc.ca\\\/wp-content\\\/uploads\\\/sites\\\/8\\\/2024\\\/03\\\/Screenshot-2024-07-02-155539.jpg\",\"contentUrl\":\"https:\\\/\\\/royalwest.emsb.qc.ca\\\/wp-content\\\/uploads\\\/sites\\\/8\\\/2024\\\/03\\\/Screenshot-2024-07-02-155539.jpg\",\"width\":784,\"height\":562,\"caption\":\"Royal West Academy\"},\"image\":{\"@id\":\"https:\\\/\\\/royalwest.emsb.qc.ca\\\/#\\\/schema\\\/logo\\\/image\\\/\"}}]}<\/script>\n<!-- \/ Yoast SEO plugin. -->","yoast_head_json":{"title":"RWA Newsletters - Royal West Academy","robots":{"index":"index","follow":"follow","max-snippet":"max-snippet:-1","max-image-preview":"max-image-preview:large","max-video-preview":"max-video-preview:-1"},"canonical":"https:\/\/royalwest.emsb.qc.ca\/fr\/rwa-newsletters\/","og_locale":"fr_FR","og_type":"article","og_title":"RWA Newsletters - Royal West Academy","og_description":"RWA Newsletters RWA News is published monthly during the academic year (from September to May). All articles, comments, suggestions and general correspondence should be directed to the editor at\u00a0rwanews@gmail.com. Remember that this school newsletter is only as good as the articles you contribute\u2014and for that we thank you very much! Newsletters March 2026 February 2026 [&hellip;]","og_url":"https:\/\/royalwest.emsb.qc.ca\/fr\/rwa-newsletters\/","og_site_name":"Royal West Academy","article_modified_time":"2026-04-09T12:43:19+00:00","og_image":[{"width":1440,"height":470,"url":"https:\/\/royalwest.emsb.qc.ca\/wp-content\/uploads\/sites\/8\/2024\/11\/pens-and-pencils-in-buckets.png","type":"image\/png"}],"twitter_card":"summary_large_image","twitter_misc":{"Dur\u00e9e de lecture estim\u00e9e":"1 minute"},"schema":{"@context":"https:\/\/schema.org","@graph":[{"@type":"WebPage","@id":"https:\/\/royalwest.emsb.qc.ca\/rwa-newsletters\/","url":"https:\/\/royalwest.emsb.qc.ca\/rwa-newsletters\/","name":"RWA Newsletters - Royal West Academy","isPartOf":{"@id":"https:\/\/royalwest.emsb.qc.ca\/#website"},"primaryImageOfPage":{"@id":"https:\/\/royalwest.emsb.qc.ca\/rwa-newsletters\/#primaryimage"},"image":{"@id":"https:\/\/royalwest.emsb.qc.ca\/rwa-newsletters\/#primaryimage"},"thumbnailUrl":"https:\/\/royalwest.emsb.qc.ca\/wp-content\/uploads\/sites\/8\/2024\/11\/pens-and-pencils-in-buckets-768x251.png","datePublished":"2024-11-08T20:38:31+00:00","dateModified":"2026-04-09T12:43:19+00:00","breadcrumb":{"@id":"https:\/\/royalwest.emsb.qc.ca\/rwa-newsletters\/#breadcrumb"},"inLanguage":"fr-FR","potentialAction":[{"@type":"ReadAction","target":["https:\/\/royalwest.emsb.qc.ca\/rwa-newsletters\/"]}]},{"@type":"ImageObject","inLanguage":"fr-FR","@id":"https:\/\/royalwest.emsb.qc.ca\/rwa-newsletters\/#primaryimage","url":"https:\/\/royalwest.emsb.qc.ca\/wp-content\/uploads\/sites\/8\/2024\/11\/pens-and-pencils-in-buckets-768x251.png","contentUrl":"https:\/\/royalwest.emsb.qc.ca\/wp-content\/uploads\/sites\/8\/2024\/11\/pens-and-pencils-in-buckets-768x251.png"},{"@type":"BreadcrumbList","@id":"https:\/\/royalwest.emsb.qc.ca\/rwa-newsletters\/#breadcrumb","itemListElement":[{"@type":"ListItem","position":1,"name":"Home","item":"https:\/\/royalwest.emsb.qc.ca\/"},{"@type":"ListItem","position":2,"name":"RWA Newsletters"}]},{"@type":"WebSite","@id":"https:\/\/royalwest.emsb.qc.ca\/#website","url":"https:\/\/royalwest.emsb.qc.ca\/","name":"Acad\u00e9mie Royal West","description":"Acad\u00e9mie Royal West","publisher":{"@id":"https:\/\/royalwest.emsb.qc.ca\/#organization"},"potentialAction":[{"@type":"SearchAction","target":{"@type":"EntryPoint","urlTemplate":"https:\/\/royalwest.emsb.qc.ca\/?s={search_term_string}"},"query-input":{"@type":"PropertyValueSpecification","valueRequired":true,"valueName":"search_term_string"}}],"inLanguage":"fr-FR"},{"@type":"Organization","@id":"https:\/\/royalwest.emsb.qc.ca\/#organization","name":"Acad\u00e9mie Royal West","url":"https:\/\/royalwest.emsb.qc.ca\/","logo":{"@type":"ImageObject","inLanguage":"fr-FR","@id":"https:\/\/royalwest.emsb.qc.ca\/#\/schema\/logo\/image\/","url":"https:\/\/royalwest.emsb.qc.ca\/wp-content\/uploads\/sites\/8\/2024\/03\/Screenshot-2024-07-02-155539.jpg","contentUrl":"https:\/\/royalwest.emsb.qc.ca\/wp-content\/uploads\/sites\/8\/2024\/03\/Screenshot-2024-07-02-155539.jpg","width":784,"height":562,"caption":"Royal West Academy"},"image":{"@id":"https:\/\/royalwest.emsb.qc.ca\/#\/schema\/logo\/image\/"}}]}},"_links":{"self":[{"href":"https:\/\/royalwest.emsb.qc.ca\/fr\/wp-json\/wp\/v2\/pages\/11953","targetHints":{"allow":["GET"]}}],"collection":[{"href":"https:\/\/royalwest.emsb.qc.ca\/fr\/wp-json\/wp\/v2\/pages"}],"about":[{"href":"https:\/\/royalwest.emsb.qc.ca\/fr\/wp-json\/wp\/v2\/types\/page"}],"author":[{"embeddable":true,"href":"https:\/\/royalwest.emsb.qc.ca\/fr\/wp-json\/wp\/v2\/users\/11"}],"replies":[{"embeddable":true,"href":"https:\/\/royalwest.emsb.qc.ca\/fr\/wp-json\/wp\/v2\/comments?post=11953"}],"version-history":[{"count":91,"href":"https:\/\/royalwest.emsb.qc.ca\/fr\/wp-json\/wp\/v2\/pages\/11953\/revisions"}],"predecessor-version":[{"id":14107,"href":"https:\/\/royalwest.emsb.qc.ca\/fr\/wp-json\/wp\/v2\/pages\/11953\/revisions\/14107"}],"wp:attachment":[{"href":"https:\/\/royalwest.emsb.qc.ca\/fr\/wp-json\/wp\/v2\/media?parent=11953"}],"curies":[{"name":"wp","href":"https:\/\/api.w.org\/{rel}","templated":true}]}}