
{"id":11934,"date":"2024-11-08T15:15:30","date_gmt":"2024-11-08T20:15:30","guid":{"rendered":"https:\/\/royalwest.emsbstaging.com\/?page_id=11934"},"modified":"2024-11-20T09:53:23","modified_gmt":"2024-11-20T14:53:23","slug":"international-students","status":"publish","type":"page","link":"https:\/\/royalwest.emsb.qc.ca\/fr\/international-students\/","title":{"rendered":"\u00c9l\u00e8ves internationaux"},"content":{"rendered":"<div data-elementor-type=\"wp-page\" data-elementor-id=\"11934\" class=\"elementor elementor-11934\" data-elementor-post-type=\"page\">\n\t\t\t\t\t\t<section class=\"elementor-section elementor-top-section elementor-element elementor-element-3195d8b6 elementor-section-full_width elementor-section-height-default elementor-section-height-default\" data-id=\"3195d8b6\" data-element_type=\"section\" data-e-type=\"section\" data-settings=\"{&quot;jet_parallax_layout_list&quot;:[]}\">\n\t\t\t\t\t\t<div class=\"elementor-container elementor-column-gap-default\">\n\t\t\t\t\t<div class=\"elementor-column elementor-col-100 elementor-top-column elementor-element elementor-element-2a06b17a\" data-id=\"2a06b17a\" data-element_type=\"column\" data-e-type=\"column\">\n\t\t\t<div class=\"elementor-widget-wrap elementor-element-populated\">\n\t\t\t\t\t\t<div class=\"elementor-element elementor-element-6c884ea0 elementor-widget elementor-widget-image\" data-id=\"6c884ea0\" data-element_type=\"widget\" data-e-type=\"widget\" data-widget_type=\"image.default\">\n\t\t\t\t<div class=\"elementor-widget-container\">\n\t\t\t\t\t\t\t\t\t\t\t\t\t\t\t<img fetchpriority=\"high\" decoding=\"async\" width=\"768\" height=\"244\" src=\"https:\/\/royalwest.emsb.qc.ca\/wp-content\/uploads\/sites\/8\/2024\/10\/IMG_4947-768x244.jpg\" class=\"attachment-medium_large size-medium_large wp-image-11438\" alt=\"RWA students in front of sign\" srcset=\"https:\/\/royalwest.emsb.qc.ca\/wp-content\/uploads\/sites\/8\/2024\/10\/IMG_4947-768x244.jpg 768w, https:\/\/royalwest.emsb.qc.ca\/wp-content\/uploads\/sites\/8\/2024\/10\/IMG_4947-300x95.jpg 300w, https:\/\/royalwest.emsb.qc.ca\/wp-content\/uploads\/sites\/8\/2024\/10\/IMG_4947-1024x325.jpg 1024w, https:\/\/royalwest.emsb.qc.ca\/wp-content\/uploads\/sites\/8\/2024\/10\/IMG_4947-1536x488.jpg 1536w, https:\/\/royalwest.emsb.qc.ca\/wp-content\/uploads\/sites\/8\/2024\/10\/IMG_4947-18x6.jpg 18w, https:\/\/royalwest.emsb.qc.ca\/wp-content\/uploads\/sites\/8\/2024\/10\/IMG_4947.jpg 1920w\" sizes=\"(max-width: 768px) 100vw, 768px\" \/>\t\t\t\t\t\t\t\t\t\t\t\t\t\t\t<\/div>\n\t\t\t\t<\/div>\n\t\t\t\t\t<\/div>\n\t\t<\/div>\n\t\t\t\t\t<\/div>\n\t\t<\/section>\n\t\t\t\t<section class=\"elementor-section elementor-top-section elementor-element elementor-element-11d4aed elementor-section-boxed elementor-section-height-default elementor-section-height-default\" data-id=\"11d4aed\" data-element_type=\"section\" data-e-type=\"section\" data-settings=\"{&quot;jet_parallax_layout_list&quot;:[]}\">\n\t\t\t\t\t\t<div class=\"elementor-container elementor-column-gap-default\">\n\t\t\t\t\t<div class=\"elementor-column elementor-col-100 elementor-top-column elementor-element elementor-element-b93f0d0\" data-id=\"b93f0d0\" data-element_type=\"column\" data-e-type=\"column\">\n\t\t\t<div class=\"elementor-widget-wrap elementor-element-populated\">\n\t\t\t\t\t\t<div class=\"elementor-element elementor-element-882a37e elementor-widget elementor-widget-spacer\" data-id=\"882a37e\" data-element_type=\"widget\" data-e-type=\"widget\" data-widget_type=\"spacer.default\">\n\t\t\t\t<div class=\"elementor-widget-container\">\n\t\t\t\t\t\t\t<div class=\"elementor-spacer\">\n\t\t\t<div class=\"elementor-spacer-inner\"><\/div>\n\t\t<\/div>\n\t\t\t\t\t\t<\/div>\n\t\t\t\t<\/div>\n\t\t\t\t\t<\/div>\n\t\t<\/div>\n\t\t\t\t\t<\/div>\n\t\t<\/section>\n\t\t\t\t<section class=\"elementor-section elementor-top-section elementor-element elementor-element-2293ab47 elementor-section-boxed elementor-section-height-default elementor-section-height-default\" data-id=\"2293ab47\" data-element_type=\"section\" data-e-type=\"section\" data-settings=\"{&quot;jet_parallax_layout_list&quot;:[]}\">\n\t\t\t\t\t\t<div class=\"elementor-container elementor-column-gap-no\">\n\t\t\t\t\t<div class=\"elementor-column elementor-col-100 elementor-top-column elementor-element elementor-element-1cee71d8\" data-id=\"1cee71d8\" data-element_type=\"column\" data-e-type=\"column\">\n\t\t\t<div class=\"elementor-widget-wrap elementor-element-populated\">\n\t\t\t\t\t\t<div class=\"elementor-element elementor-element-fa83813 elementor-widget__width-auto elementor-widget elementor-widget-heading\" data-id=\"fa83813\" data-element_type=\"widget\" data-e-type=\"widget\" data-widget_type=\"heading.default\">\n\t\t\t\t<div class=\"elementor-widget-container\">\n\t\t\t\t\t<h2 class=\"elementor-heading-title elementor-size-default\">Admissions - \u00c9l\u00e8ves internationaux<\/h2>\t\t\t\t<\/div>\n\t\t\t\t<\/div>\n\t\t\t\t<div class=\"elementor-element elementor-element-8b2bb95 elementor-widget elementor-widget-text-editor\" data-id=\"8b2bb95\" data-element_type=\"widget\" data-e-type=\"widget\" data-widget_type=\"text-editor.default\">\n\t\t\t\t<div class=\"elementor-widget-container\">\n\t\t\t\t\t\t\t\t\t<h4>Bienvenue dans l'univers du secondaire<\/h4><p>Le r\u00e9seau d'\u00e9coles secondaires de la Commission scolaire English-Montr\u00e9al, r\u00e9parties sur l'\u00eele de Montr\u00e9al, offre une vari\u00e9t\u00e9 d'excellents programmes pour les \u00e9l\u00e8ves de la 1re \u00e0 la 5e secondaire (7e \u00e0 11e ann\u00e9e). En plus des programmes qui encouragent le questionnement chez l'\u00e9l\u00e8ve, nous proposons un \u00e9ventail de sports et d'activit\u00e9s parascolaires. Nous fournissons \u00e9galement du counseling de premier ordre et d'autres formes de soutien personnel, \u00e9ducatif et en mati\u00e8re de sant\u00e9 \u00e0 notre population \u00e9tudiante afin d'enrichir la vie des adolescents et adolescentes au moment de s'engager dans cette nouvelle \u00e9tape de leur apprentissage. Nos programmes de fran\u00e7ais au niveau secondaire continuent de surpasser les normes du minist\u00e8re de l'\u00c9ducation du Qu\u00e9bec. Des services complets de caf\u00e9t\u00e9ria sont offerts dans la plupart des \u00e9coles.<\/p>\t\t\t\t\t\t\t\t<\/div>\n\t\t\t\t<\/div>\n\t\t\t\t<div class=\"elementor-element elementor-element-8283657 elementor-widget elementor-widget-button\" data-id=\"8283657\" data-element_type=\"widget\" data-e-type=\"widget\" data-widget_type=\"button.default\">\n\t\t\t\t<div class=\"elementor-widget-container\">\n\t\t\t\t\t\t\t\t\t<div class=\"elementor-button-wrapper\">\n\t\t\t\t\t<a class=\"elementor-button elementor-button-link elementor-size-sm\" href=\"https:\/\/international.emsb.qc.ca\/international\">\n\t\t\t\t\t\t<span class=\"elementor-button-content-wrapper\">\n\t\t\t\t\t\t\t\t\t<span class=\"elementor-button-text\">Pour plus d'informations, visitez notre site Web sur les \u00e9l\u00e8ves internationaux<\/span>\n\t\t\t\t\t<\/span>\n\t\t\t\t\t<\/a>\n\t\t\t\t<\/div>\n\t\t\t\t\t\t\t\t<\/div>\n\t\t\t\t<\/div>\n\t\t\t\t<div class=\"elementor-element elementor-element-1e502e7 elementor-widget elementor-widget-text-editor\" data-id=\"1e502e7\" data-element_type=\"widget\" data-e-type=\"widget\" data-widget_type=\"text-editor.default\">\n\t\t\t\t<div class=\"elementor-widget-container\">\n\t\t\t\t\t\t\t\t\t<div class=\"entry-content\"><p>Faites de l'apprentissage une aventure, devenez \u00e9l\u00e8ve international \u00e0 la CSEM<\/p><\/div>\t\t\t\t\t\t\t\t<\/div>\n\t\t\t\t<\/div>\n\t\t\t\t<div class=\"elementor-element elementor-element-e9c8d01 elementor-widget elementor-widget-text-editor\" data-id=\"e9c8d01\" data-element_type=\"widget\" data-e-type=\"widget\" data-widget_type=\"text-editor.default\">\n\t\t\t\t<div class=\"elementor-widget-container\">\n\t\t\t\t\t\t\t\t\t<p>Montr\u00e9al est une ville multiculturelle tr\u00e8s s\u00fbre, propre et dynamique, au charme d'antan, \u00e0 l'architecture \u00e9tonnante et aux sites patrimoniaux.  Que vous visitiez le Vieux-Port, les march\u00e9s Atwater ou Jean-Talon, la Basilique Notre-Dame, l'Oratoire Saint-Joseph, que vous vous promeniez sur le Mont-Royal ou que vous empruntiez nos nombreuses pistes cyclables, vous d\u00e9couvrirez les multiples lieux historiques de Montr\u00e9al et ferez l'exp\u00e9rience de nos diverses cultures et de tout leur charme.  Quelle que soit la direction choisie - nord, sud, est ou ouest, Montr\u00e9al est entour\u00e9e de lacs, de montagnes et de pistes de ski magnifiques.  Montr\u00e9al et ses environs offrent la beaut\u00e9 des quatre saisons, des activit\u00e9s sans fin et des exp\u00e9riences uniques.<\/p>\t\t\t\t\t\t\t\t<\/div>\n\t\t\t\t<\/div>\n\t\t\t\t\t<\/div>\n\t\t<\/div>\n\t\t\t\t\t<\/div>\n\t\t<\/section>\n\t\t\t\t<\/div>","protected":false},"excerpt":{"rendered":"<p>Admissions &#8211; International Students Welcome to our world of high school The English Montreal School Board network of secondary schools, spread across the island of Montreal, offers a variety of excellent programs for students in Secondary 1 to V (grades 7 to 11). In addition to programs that encourage academic inquiry, we offer a variety [&hellip;]<\/p>\n","protected":false},"author":11,"featured_media":0,"parent":0,"menu_order":0,"comment_status":"closed","ping_status":"closed","template":"","meta":{"site-sidebar-layout":"no-sidebar","site-content-layout":"page-builder","ast-site-content-layout":"full-width-container","site-content-style":"unboxed","site-sidebar-style":"unboxed","ast-global-header-display":"","ast-banner-title-visibility":"","ast-main-header-display":"","ast-hfb-above-header-display":"","ast-hfb-below-header-display":"","ast-hfb-mobile-header-display":"","site-post-title":"disabled","ast-breadcrumbs-content":"","ast-featured-img":"disabled","footer-sml-layout":"","ast-disable-related-posts":"","theme-transparent-header-meta":"default","adv-header-id-meta":"","stick-header-meta":"","header-above-stick-meta":"","header-main-stick-meta":"","header-below-stick-meta":"","astra-migrate-meta-layouts":"set","ast-page-background-enabled":"default","ast-page-background-meta":{"desktop":{"background-color":"var(--ast-global-color-4)","background-image":"","background-repeat":"repeat","background-position":"center center","background-size":"auto","background-attachment":"scroll","background-type":"","background-media":"","overlay-type":"","overlay-color":"","overlay-opacity":"","overlay-gradient":""},"tablet":{"background-color":"","background-image":"","background-repeat":"repeat","background-position":"center center","background-size":"auto","background-attachment":"scroll","background-type":"","background-media":"","overlay-type":"","overlay-color":"","overlay-opacity":"","overlay-gradient":""},"mobile":{"background-color":"","background-image":"","background-repeat":"repeat","background-position":"center center","background-size":"auto","background-attachment":"scroll","background-type":"","background-media":"","overlay-type":"","overlay-color":"","overlay-opacity":"","overlay-gradient":""}},"ast-content-background-meta":{"desktop":{"background-color":"var(--ast-global-color-5)","background-image":"","background-repeat":"repeat","background-position":"center center","background-size":"auto","background-attachment":"scroll","background-type":"","background-media":"","overlay-type":"","overlay-color":"","overlay-opacity":"","overlay-gradient":""},"tablet":{"background-color":"var(--ast-global-color-5)","background-image":"","background-repeat":"repeat","background-position":"center center","background-size":"auto","background-attachment":"scroll","background-type":"","background-media":"","overlay-type":"","overlay-color":"","overlay-opacity":"","overlay-gradient":""},"mobile":{"background-color":"var(--ast-global-color-5)","background-image":"","background-repeat":"repeat","background-position":"center center","background-size":"auto","background-attachment":"scroll","background-type":"","background-media":"","overlay-type":"","overlay-color":"","overlay-opacity":"","overlay-gradient":""}},"footnotes":""},"class_list":["post-11934","page","type-page","status-publish","hentry"],"yoast_head":"<!-- This site is optimized with the Yoast SEO plugin v27.6 - https:\/\/yoast.com\/product\/yoast-seo-wordpress\/ -->\n<title>International Students - Royal West Academy<\/title>\n<meta name=\"robots\" content=\"index, follow, max-snippet:-1, max-image-preview:large, max-video-preview:-1\" \/>\n<link rel=\"canonical\" href=\"https:\/\/royalwest.emsb.qc.ca\/fr\/international-students\/\" \/>\n<meta property=\"og:locale\" content=\"fr_FR\" \/>\n<meta property=\"og:type\" content=\"article\" \/>\n<meta property=\"og:title\" content=\"International Students - Royal West Academy\" \/>\n<meta property=\"og:description\" content=\"Admissions &#8211; International Students Welcome to our world of high school The English Montreal School Board network of secondary schools, spread across the island of Montreal, offers a variety of excellent programs for students in Secondary 1 to V (grades 7 to 11). In addition to programs that encourage academic inquiry, we offer a variety [&hellip;]\" \/>\n<meta property=\"og:url\" content=\"https:\/\/royalwest.emsb.qc.ca\/fr\/international-students\/\" \/>\n<meta property=\"og:site_name\" content=\"Royal West Academy\" \/>\n<meta property=\"article:modified_time\" content=\"2024-11-20T14:53:23+00:00\" \/>\n<meta property=\"og:image\" content=\"https:\/\/royalwest.emsb.qc.ca\/wp-content\/uploads\/sites\/8\/2024\/10\/IMG_4947-768x244.jpg\" \/>\n<meta name=\"twitter:card\" content=\"summary_large_image\" \/>\n<meta name=\"twitter:label1\" content=\"Dur\u00e9e de lecture estim\u00e9e\" \/>\n\t<meta name=\"twitter:data1\" content=\"1 minute\" \/>\n<script type=\"application\/ld+json\" class=\"yoast-schema-graph\">{\"@context\":\"https:\\\/\\\/schema.org\",\"@graph\":[{\"@type\":\"WebPage\",\"@id\":\"https:\\\/\\\/royalwest.emsb.qc.ca\\\/international-students\\\/\",\"url\":\"https:\\\/\\\/royalwest.emsb.qc.ca\\\/international-students\\\/\",\"name\":\"International Students - Royal West Academy\",\"isPartOf\":{\"@id\":\"https:\\\/\\\/royalwest.emsb.qc.ca\\\/#website\"},\"primaryImageOfPage\":{\"@id\":\"https:\\\/\\\/royalwest.emsb.qc.ca\\\/international-students\\\/#primaryimage\"},\"image\":{\"@id\":\"https:\\\/\\\/royalwest.emsb.qc.ca\\\/international-students\\\/#primaryimage\"},\"thumbnailUrl\":\"https:\\\/\\\/royalwest.emsb.qc.ca\\\/wp-content\\\/uploads\\\/sites\\\/8\\\/2024\\\/10\\\/IMG_4947-768x244.jpg\",\"datePublished\":\"2024-11-08T20:15:30+00:00\",\"dateModified\":\"2024-11-20T14:53:23+00:00\",\"breadcrumb\":{\"@id\":\"https:\\\/\\\/royalwest.emsb.qc.ca\\\/international-students\\\/#breadcrumb\"},\"inLanguage\":\"fr-FR\",\"potentialAction\":[{\"@type\":\"ReadAction\",\"target\":[\"https:\\\/\\\/royalwest.emsb.qc.ca\\\/international-students\\\/\"]}]},{\"@type\":\"ImageObject\",\"inLanguage\":\"fr-FR\",\"@id\":\"https:\\\/\\\/royalwest.emsb.qc.ca\\\/international-students\\\/#primaryimage\",\"url\":\"https:\\\/\\\/royalwest.emsb.qc.ca\\\/wp-content\\\/uploads\\\/sites\\\/8\\\/2024\\\/10\\\/IMG_4947-768x244.jpg\",\"contentUrl\":\"https:\\\/\\\/royalwest.emsb.qc.ca\\\/wp-content\\\/uploads\\\/sites\\\/8\\\/2024\\\/10\\\/IMG_4947-768x244.jpg\"},{\"@type\":\"BreadcrumbList\",\"@id\":\"https:\\\/\\\/royalwest.emsb.qc.ca\\\/international-students\\\/#breadcrumb\",\"itemListElement\":[{\"@type\":\"ListItem\",\"position\":1,\"name\":\"Home\",\"item\":\"https:\\\/\\\/royalwest.emsb.qc.ca\\\/\"},{\"@type\":\"ListItem\",\"position\":2,\"name\":\"International Students\"}]},{\"@type\":\"WebSite\",\"@id\":\"https:\\\/\\\/royalwest.emsb.qc.ca\\\/#website\",\"url\":\"https:\\\/\\\/royalwest.emsb.qc.ca\\\/\",\"name\":\"Royal West Academy\",\"description\":\"Royal West Academy\",\"publisher\":{\"@id\":\"https:\\\/\\\/royalwest.emsb.qc.ca\\\/#organization\"},\"potentialAction\":[{\"@type\":\"SearchAction\",\"target\":{\"@type\":\"EntryPoint\",\"urlTemplate\":\"https:\\\/\\\/royalwest.emsb.qc.ca\\\/?s={search_term_string}\"},\"query-input\":{\"@type\":\"PropertyValueSpecification\",\"valueRequired\":true,\"valueName\":\"search_term_string\"}}],\"inLanguage\":\"fr-FR\"},{\"@type\":\"Organization\",\"@id\":\"https:\\\/\\\/royalwest.emsb.qc.ca\\\/#organization\",\"name\":\"Royal West Academy\",\"url\":\"https:\\\/\\\/royalwest.emsb.qc.ca\\\/\",\"logo\":{\"@type\":\"ImageObject\",\"inLanguage\":\"fr-FR\",\"@id\":\"https:\\\/\\\/royalwest.emsb.qc.ca\\\/#\\\/schema\\\/logo\\\/image\\\/\",\"url\":\"https:\\\/\\\/royalwest.emsb.qc.ca\\\/wp-content\\\/uploads\\\/sites\\\/8\\\/2024\\\/03\\\/Screenshot-2024-07-02-155539.jpg\",\"contentUrl\":\"https:\\\/\\\/royalwest.emsb.qc.ca\\\/wp-content\\\/uploads\\\/sites\\\/8\\\/2024\\\/03\\\/Screenshot-2024-07-02-155539.jpg\",\"width\":784,\"height\":562,\"caption\":\"Royal West Academy\"},\"image\":{\"@id\":\"https:\\\/\\\/royalwest.emsb.qc.ca\\\/#\\\/schema\\\/logo\\\/image\\\/\"}}]}<\/script>\n<!-- \/ Yoast SEO plugin. -->","yoast_head_json":{"title":"International Students - Royal West Academy","robots":{"index":"index","follow":"follow","max-snippet":"max-snippet:-1","max-image-preview":"max-image-preview:large","max-video-preview":"max-video-preview:-1"},"canonical":"https:\/\/royalwest.emsb.qc.ca\/fr\/international-students\/","og_locale":"fr_FR","og_type":"article","og_title":"International Students - Royal West Academy","og_description":"Admissions &#8211; International Students Welcome to our world of high school The English Montreal School Board network of secondary schools, spread across the island of Montreal, offers a variety of excellent programs for students in Secondary 1 to V (grades 7 to 11). In addition to programs that encourage academic inquiry, we offer a variety [&hellip;]","og_url":"https:\/\/royalwest.emsb.qc.ca\/fr\/international-students\/","og_site_name":"Royal West Academy","article_modified_time":"2024-11-20T14:53:23+00:00","og_image":[{"url":"https:\/\/royalwest.emsb.qc.ca\/wp-content\/uploads\/sites\/8\/2024\/10\/IMG_4947-768x244.jpg","type":"","width":"","height":""}],"twitter_card":"summary_large_image","twitter_misc":{"Dur\u00e9e de lecture estim\u00e9e":"1 minute"},"schema":{"@context":"https:\/\/schema.org","@graph":[{"@type":"WebPage","@id":"https:\/\/royalwest.emsb.qc.ca\/international-students\/","url":"https:\/\/royalwest.emsb.qc.ca\/international-students\/","name":"International Students - Royal West Academy","isPartOf":{"@id":"https:\/\/royalwest.emsb.qc.ca\/#website"},"primaryImageOfPage":{"@id":"https:\/\/royalwest.emsb.qc.ca\/international-students\/#primaryimage"},"image":{"@id":"https:\/\/royalwest.emsb.qc.ca\/international-students\/#primaryimage"},"thumbnailUrl":"https:\/\/royalwest.emsb.qc.ca\/wp-content\/uploads\/sites\/8\/2024\/10\/IMG_4947-768x244.jpg","datePublished":"2024-11-08T20:15:30+00:00","dateModified":"2024-11-20T14:53:23+00:00","breadcrumb":{"@id":"https:\/\/royalwest.emsb.qc.ca\/international-students\/#breadcrumb"},"inLanguage":"fr-FR","potentialAction":[{"@type":"ReadAction","target":["https:\/\/royalwest.emsb.qc.ca\/international-students\/"]}]},{"@type":"ImageObject","inLanguage":"fr-FR","@id":"https:\/\/royalwest.emsb.qc.ca\/international-students\/#primaryimage","url":"https:\/\/royalwest.emsb.qc.ca\/wp-content\/uploads\/sites\/8\/2024\/10\/IMG_4947-768x244.jpg","contentUrl":"https:\/\/royalwest.emsb.qc.ca\/wp-content\/uploads\/sites\/8\/2024\/10\/IMG_4947-768x244.jpg"},{"@type":"BreadcrumbList","@id":"https:\/\/royalwest.emsb.qc.ca\/international-students\/#breadcrumb","itemListElement":[{"@type":"ListItem","position":1,"name":"Home","item":"https:\/\/royalwest.emsb.qc.ca\/"},{"@type":"ListItem","position":2,"name":"International Students"}]},{"@type":"WebSite","@id":"https:\/\/royalwest.emsb.qc.ca\/#website","url":"https:\/\/royalwest.emsb.qc.ca\/","name":"Acad\u00e9mie Royal West","description":"Acad\u00e9mie Royal West","publisher":{"@id":"https:\/\/royalwest.emsb.qc.ca\/#organization"},"potentialAction":[{"@type":"SearchAction","target":{"@type":"EntryPoint","urlTemplate":"https:\/\/royalwest.emsb.qc.ca\/?s={search_term_string}"},"query-input":{"@type":"PropertyValueSpecification","valueRequired":true,"valueName":"search_term_string"}}],"inLanguage":"fr-FR"},{"@type":"Organization","@id":"https:\/\/royalwest.emsb.qc.ca\/#organization","name":"Acad\u00e9mie Royal West","url":"https:\/\/royalwest.emsb.qc.ca\/","logo":{"@type":"ImageObject","inLanguage":"fr-FR","@id":"https:\/\/royalwest.emsb.qc.ca\/#\/schema\/logo\/image\/","url":"https:\/\/royalwest.emsb.qc.ca\/wp-content\/uploads\/sites\/8\/2024\/03\/Screenshot-2024-07-02-155539.jpg","contentUrl":"https:\/\/royalwest.emsb.qc.ca\/wp-content\/uploads\/sites\/8\/2024\/03\/Screenshot-2024-07-02-155539.jpg","width":784,"height":562,"caption":"Royal West Academy"},"image":{"@id":"https:\/\/royalwest.emsb.qc.ca\/#\/schema\/logo\/image\/"}}]}},"_links":{"self":[{"href":"https:\/\/royalwest.emsb.qc.ca\/fr\/wp-json\/wp\/v2\/pages\/11934","targetHints":{"allow":["GET"]}}],"collection":[{"href":"https:\/\/royalwest.emsb.qc.ca\/fr\/wp-json\/wp\/v2\/pages"}],"about":[{"href":"https:\/\/royalwest.emsb.qc.ca\/fr\/wp-json\/wp\/v2\/types\/page"}],"author":[{"embeddable":true,"href":"https:\/\/royalwest.emsb.qc.ca\/fr\/wp-json\/wp\/v2\/users\/11"}],"replies":[{"embeddable":true,"href":"https:\/\/royalwest.emsb.qc.ca\/fr\/wp-json\/wp\/v2\/comments?post=11934"}],"version-history":[{"count":10,"href":"https:\/\/royalwest.emsb.qc.ca\/fr\/wp-json\/wp\/v2\/pages\/11934\/revisions"}],"predecessor-version":[{"id":12337,"href":"https:\/\/royalwest.emsb.qc.ca\/fr\/wp-json\/wp\/v2\/pages\/11934\/revisions\/12337"}],"wp:attachment":[{"href":"https:\/\/royalwest.emsb.qc.ca\/fr\/wp-json\/wp\/v2\/media?parent=11934"}],"curies":[{"name":"wp","href":"https:\/\/api.w.org\/{rel}","templated":true}]}}