
{"id":11870,"date":"2024-11-08T13:40:05","date_gmt":"2024-11-08T18:40:05","guid":{"rendered":"https:\/\/royalwest.emsbstaging.com\/?page_id=11870"},"modified":"2024-11-20T10:18:07","modified_gmt":"2024-11-20T15:18:07","slug":"study-skills","status":"publish","type":"page","link":"https:\/\/royalwest.emsb.qc.ca\/fr\/study-skills\/","title":{"rendered":"Techniques d'\u00e9tude"},"content":{"rendered":"<div data-elementor-type=\"wp-page\" data-elementor-id=\"11870\" class=\"elementor elementor-11870\" data-elementor-post-type=\"page\">\n\t\t\t\t\t\t<section class=\"elementor-section elementor-top-section elementor-element elementor-element-3195d8b6 elementor-section-full_width elementor-section-height-default elementor-section-height-default\" data-id=\"3195d8b6\" data-element_type=\"section\" data-e-type=\"section\" data-settings=\"{&quot;jet_parallax_layout_list&quot;:[]}\">\n\t\t\t\t\t\t<div class=\"elementor-container elementor-column-gap-default\">\n\t\t\t\t\t<div class=\"elementor-column elementor-col-100 elementor-top-column elementor-element elementor-element-2a06b17a\" data-id=\"2a06b17a\" data-element_type=\"column\" data-e-type=\"column\">\n\t\t\t<div class=\"elementor-widget-wrap elementor-element-populated\">\n\t\t\t\t\t\t<div class=\"elementor-element elementor-element-6c884ea0 elementor-widget__width-initial elementor-widget elementor-widget-image\" data-id=\"6c884ea0\" data-element_type=\"widget\" data-e-type=\"widget\" data-widget_type=\"image.default\">\n\t\t\t\t<div class=\"elementor-widget-container\">\n\t\t\t\t\t\t\t\t\t\t\t\t\t\t\t<img fetchpriority=\"high\" decoding=\"async\" width=\"768\" height=\"276\" src=\"https:\/\/royalwest.emsb.qc.ca\/wp-content\/uploads\/sites\/8\/2024\/10\/IMG_4863-768x276.jpg\" class=\"attachment-medium_large size-medium_large wp-image-11422\" alt=\"\" srcset=\"https:\/\/royalwest.emsb.qc.ca\/wp-content\/uploads\/sites\/8\/2024\/10\/IMG_4863-768x276.jpg 768w, https:\/\/royalwest.emsb.qc.ca\/wp-content\/uploads\/sites\/8\/2024\/10\/IMG_4863-300x108.jpg 300w, https:\/\/royalwest.emsb.qc.ca\/wp-content\/uploads\/sites\/8\/2024\/10\/IMG_4863-1024x368.jpg 1024w, https:\/\/royalwest.emsb.qc.ca\/wp-content\/uploads\/sites\/8\/2024\/10\/IMG_4863-1536x551.jpg 1536w, https:\/\/royalwest.emsb.qc.ca\/wp-content\/uploads\/sites\/8\/2024\/10\/IMG_4863-18x6.jpg 18w, https:\/\/royalwest.emsb.qc.ca\/wp-content\/uploads\/sites\/8\/2024\/10\/IMG_4863.jpg 2000w\" sizes=\"(max-width: 768px) 100vw, 768px\" \/>\t\t\t\t\t\t\t\t\t\t\t\t\t\t\t<\/div>\n\t\t\t\t<\/div>\n\t\t\t\t\t<\/div>\n\t\t<\/div>\n\t\t\t\t\t<\/div>\n\t\t<\/section>\n\t\t\t\t<section class=\"elementor-section elementor-top-section elementor-element elementor-element-11d4aed elementor-section-boxed elementor-section-height-default elementor-section-height-default\" data-id=\"11d4aed\" data-element_type=\"section\" data-e-type=\"section\" data-settings=\"{&quot;jet_parallax_layout_list&quot;:[]}\">\n\t\t\t\t\t\t<div class=\"elementor-container elementor-column-gap-default\">\n\t\t\t\t\t<div class=\"elementor-column elementor-col-100 elementor-top-column elementor-element elementor-element-b93f0d0\" data-id=\"b93f0d0\" data-element_type=\"column\" data-e-type=\"column\">\n\t\t\t<div class=\"elementor-widget-wrap elementor-element-populated\">\n\t\t\t\t\t\t<div class=\"elementor-element elementor-element-882a37e elementor-widget elementor-widget-spacer\" data-id=\"882a37e\" data-element_type=\"widget\" data-e-type=\"widget\" data-widget_type=\"spacer.default\">\n\t\t\t\t<div class=\"elementor-widget-container\">\n\t\t\t\t\t\t\t<div class=\"elementor-spacer\">\n\t\t\t<div class=\"elementor-spacer-inner\"><\/div>\n\t\t<\/div>\n\t\t\t\t\t\t<\/div>\n\t\t\t\t<\/div>\n\t\t\t\t\t<\/div>\n\t\t<\/div>\n\t\t\t\t\t<\/div>\n\t\t<\/section>\n\t\t\t\t<section class=\"elementor-section elementor-top-section elementor-element elementor-element-2293ab47 elementor-section-boxed elementor-section-height-default elementor-section-height-default\" data-id=\"2293ab47\" data-element_type=\"section\" data-e-type=\"section\" data-settings=\"{&quot;jet_parallax_layout_list&quot;:[]}\">\n\t\t\t\t\t\t<div class=\"elementor-container elementor-column-gap-no\">\n\t\t\t\t\t<div class=\"elementor-column elementor-col-100 elementor-top-column elementor-element elementor-element-1cee71d8\" data-id=\"1cee71d8\" data-element_type=\"column\" data-e-type=\"column\">\n\t\t\t<div class=\"elementor-widget-wrap elementor-element-populated\">\n\t\t\t\t\t\t<div class=\"elementor-element elementor-element-fa83813 elementor-widget__width-auto elementor-widget elementor-widget-heading\" data-id=\"fa83813\" data-element_type=\"widget\" data-e-type=\"widget\" data-widget_type=\"heading.default\">\n\t\t\t\t<div class=\"elementor-widget-container\">\n\t\t\t\t\t<h2 class=\"elementor-heading-title elementor-size-default\">Techniques d'\u00e9tude<\/h2>\t\t\t\t<\/div>\n\t\t\t\t<\/div>\n\t\t\t\t<div class=\"elementor-element elementor-element-1432ec4 elementor-widget elementor-widget-text-editor\" data-id=\"1432ec4\" data-element_type=\"widget\" data-e-type=\"widget\" data-widget_type=\"text-editor.default\">\n\t\t\t\t<div class=\"elementor-widget-container\">\n\t\t\t\t\t\t\t\t\t<p>Notre D\u00e9partement d'orientation propose \u00e0 tous les \u00e9l\u00e8ves de la 1re secondaire un programme de formation aux techniques d'\u00e9tude au printemps pour les aider \u00e0 conna\u00eetre leur propre style d'apprentissage et \u00e0 d\u00e9velopper de bonnes techniques d'\u00e9tude et de bonnes habitudes de travail. Ce programme aborde des sujets tels que l'\u00e9coute efficace, la lecture et la prise de notes.<\/p><p>Le Centre de carri\u00e8re dispose d'un CD-ROM sur les techniques d'\u00e9tude, con\u00e7u pour vous aider \u00e0 acqu\u00e9rir des techniques d'\u00e9tude plus efficaces. Il commence par vous aider \u00e0 \u00e9valuer votre propre style d'apprentissage. Il donne ensuite des conseils et des techniques et explique pourquoi certaines techniques sont plus efficaces pour vous, en fonction de votre style d'apprentissage. Il propose des exercices pour vous aider \u00e0 mettre en pratique les nouvelles techniques, ce qui vous permet de choisir celles qui vous conviennent le mieux. Une section sur l'organisation couvre la gestion du temps, la prise de notes et vous pouvez m\u00eame imprimer votre propre calendrier de travail. Il comprend \u00e9galement une section sur les techniques de passation de tests, pour vous aider \u00e0 mieux vous pr\u00e9parer \u00e0 un test ou \u00e0 un examen et \u00e0 \u00eatre plus efficace selon les diff\u00e9rents types d'examens. Venez le d\u00e9couvrir au Centre de carri\u00e8re de l'ARW!<\/p>\t\t\t\t\t\t\t\t<\/div>\n\t\t\t\t<\/div>\n\t\t\t\t\t<\/div>\n\t\t<\/div>\n\t\t\t\t\t<\/div>\n\t\t<\/section>\n\t\t\t\t<section class=\"elementor-section elementor-top-section elementor-element elementor-element-9888a94 elementor-section-boxed elementor-section-height-default elementor-section-height-default\" data-id=\"9888a94\" data-element_type=\"section\" data-e-type=\"section\" data-settings=\"{&quot;jet_parallax_layout_list&quot;:[]}\">\n\t\t\t\t\t\t<div class=\"elementor-container elementor-column-gap-default\">\n\t\t\t\t\t<div class=\"elementor-column elementor-col-100 elementor-top-column elementor-element elementor-element-cc10329\" data-id=\"cc10329\" data-element_type=\"column\" data-e-type=\"column\">\n\t\t\t<div class=\"elementor-widget-wrap elementor-element-populated\">\n\t\t\t\t\t\t<div class=\"elementor-element elementor-element-1299e60 elementor-widget elementor-widget-video\" data-id=\"1299e60\" data-element_type=\"widget\" data-e-type=\"widget\" data-settings=\"{&quot;youtube_url&quot;:&quot;https:\\\/\\\/www.youtube.com\\\/watch?v=OYIVYMcyiu8&quot;,&quot;video_type&quot;:&quot;youtube&quot;,&quot;controls&quot;:&quot;yes&quot;}\" data-widget_type=\"video.default\">\n\t\t\t\t<div class=\"elementor-widget-container\">\n\t\t\t\t\t\t\t<div class=\"elementor-wrapper elementor-open-inline\">\n\t\t\t<div class=\"elementor-video\"><\/div>\t\t<\/div>\n\t\t\t\t\t\t<\/div>\n\t\t\t\t<\/div>\n\t\t\t\t\t<\/div>\n\t\t<\/div>\n\t\t\t\t\t<\/div>\n\t\t<\/section>\n\t\t\t\t<\/div>","protected":false},"excerpt":{"rendered":"<p>Study Skills Our Guidance Department provides all grade 7 students with a study skills training program in the spring to help them learn about their own learning styles, as well as develop good study skills and working habits. Included are topics such as effective listening, reading and note-taking. The Career Centre has a study skills [&hellip;]<\/p>\n","protected":false},"author":11,"featured_media":0,"parent":0,"menu_order":0,"comment_status":"closed","ping_status":"closed","template":"","meta":{"site-sidebar-layout":"no-sidebar","site-content-layout":"page-builder","ast-site-content-layout":"full-width-container","site-content-style":"unboxed","site-sidebar-style":"unboxed","ast-global-header-display":"","ast-banner-title-visibility":"","ast-main-header-display":"","ast-hfb-above-header-display":"","ast-hfb-below-header-display":"","ast-hfb-mobile-header-display":"","site-post-title":"disabled","ast-breadcrumbs-content":"","ast-featured-img":"disabled","footer-sml-layout":"","ast-disable-related-posts":"","theme-transparent-header-meta":"default","adv-header-id-meta":"","stick-header-meta":"","header-above-stick-meta":"","header-main-stick-meta":"","header-below-stick-meta":"","astra-migrate-meta-layouts":"set","ast-page-background-enabled":"default","ast-page-background-meta":{"desktop":{"background-color":"var(--ast-global-color-4)","background-image":"","background-repeat":"repeat","background-position":"center center","background-size":"auto","background-attachment":"scroll","background-type":"","background-media":"","overlay-type":"","overlay-color":"","overlay-opacity":"","overlay-gradient":""},"tablet":{"background-color":"","background-image":"","background-repeat":"repeat","background-position":"center center","background-size":"auto","background-attachment":"scroll","background-type":"","background-media":"","overlay-type":"","overlay-color":"","overlay-opacity":"","overlay-gradient":""},"mobile":{"background-color":"","background-image":"","background-repeat":"repeat","background-position":"center center","background-size":"auto","background-attachment":"scroll","background-type":"","background-media":"","overlay-type":"","overlay-color":"","overlay-opacity":"","overlay-gradient":""}},"ast-content-background-meta":{"desktop":{"background-color":"var(--ast-global-color-5)","background-image":"","background-repeat":"repeat","background-position":"center center","background-size":"auto","background-attachment":"scroll","background-type":"","background-media":"","overlay-type":"","overlay-color":"","overlay-opacity":"","overlay-gradient":""},"tablet":{"background-color":"var(--ast-global-color-5)","background-image":"","background-repeat":"repeat","background-position":"center center","background-size":"auto","background-attachment":"scroll","background-type":"","background-media":"","overlay-type":"","overlay-color":"","overlay-opacity":"","overlay-gradient":""},"mobile":{"background-color":"var(--ast-global-color-5)","background-image":"","background-repeat":"repeat","background-position":"center center","background-size":"auto","background-attachment":"scroll","background-type":"","background-media":"","overlay-type":"","overlay-color":"","overlay-opacity":"","overlay-gradient":""}},"footnotes":""},"class_list":["post-11870","page","type-page","status-publish","hentry"],"yoast_head":"<!-- This site is optimized with the Yoast SEO plugin v27.5 - https:\/\/yoast.com\/product\/yoast-seo-wordpress\/ -->\n<title>Study Skills - Royal West Academy<\/title>\n<meta name=\"robots\" content=\"index, follow, max-snippet:-1, max-image-preview:large, max-video-preview:-1\" \/>\n<link rel=\"canonical\" href=\"https:\/\/royalwest.emsb.qc.ca\/fr\/study-skills\/\" \/>\n<meta property=\"og:locale\" content=\"fr_FR\" \/>\n<meta property=\"og:type\" content=\"article\" \/>\n<meta property=\"og:title\" content=\"Study Skills - Royal West Academy\" \/>\n<meta property=\"og:description\" content=\"Study Skills Our Guidance Department provides all grade 7 students with a study skills training program in the spring to help them learn about their own learning styles, as well as develop good study skills and working habits. Included are topics such as effective listening, reading and note-taking. The Career Centre has a study skills [&hellip;]\" \/>\n<meta property=\"og:url\" content=\"https:\/\/royalwest.emsb.qc.ca\/fr\/study-skills\/\" \/>\n<meta property=\"og:site_name\" content=\"Royal West Academy\" \/>\n<meta property=\"article:modified_time\" content=\"2024-11-20T15:18:07+00:00\" \/>\n<meta property=\"og:image\" content=\"https:\/\/royalwest.emsb.qc.ca\/wp-content\/uploads\/sites\/8\/2024\/10\/IMG_4863-768x276.jpg\" \/>\n<meta name=\"twitter:card\" content=\"summary_large_image\" \/>\n<meta name=\"twitter:label1\" content=\"Dur\u00e9e de lecture estim\u00e9e\" \/>\n\t<meta name=\"twitter:data1\" content=\"1 minute\" \/>\n<script type=\"application\/ld+json\" class=\"yoast-schema-graph\">{\"@context\":\"https:\\\/\\\/schema.org\",\"@graph\":[{\"@type\":\"WebPage\",\"@id\":\"https:\\\/\\\/royalwest.emsb.qc.ca\\\/study-skills\\\/\",\"url\":\"https:\\\/\\\/royalwest.emsb.qc.ca\\\/study-skills\\\/\",\"name\":\"Study Skills - Royal West Academy\",\"isPartOf\":{\"@id\":\"https:\\\/\\\/royalwest.emsb.qc.ca\\\/#website\"},\"primaryImageOfPage\":{\"@id\":\"https:\\\/\\\/royalwest.emsb.qc.ca\\\/study-skills\\\/#primaryimage\"},\"image\":{\"@id\":\"https:\\\/\\\/royalwest.emsb.qc.ca\\\/study-skills\\\/#primaryimage\"},\"thumbnailUrl\":\"https:\\\/\\\/royalwest.emsb.qc.ca\\\/wp-content\\\/uploads\\\/sites\\\/8\\\/2024\\\/10\\\/IMG_4863-768x276.jpg\",\"datePublished\":\"2024-11-08T18:40:05+00:00\",\"dateModified\":\"2024-11-20T15:18:07+00:00\",\"breadcrumb\":{\"@id\":\"https:\\\/\\\/royalwest.emsb.qc.ca\\\/study-skills\\\/#breadcrumb\"},\"inLanguage\":\"fr-FR\",\"potentialAction\":[{\"@type\":\"ReadAction\",\"target\":[\"https:\\\/\\\/royalwest.emsb.qc.ca\\\/study-skills\\\/\"]}]},{\"@type\":\"ImageObject\",\"inLanguage\":\"fr-FR\",\"@id\":\"https:\\\/\\\/royalwest.emsb.qc.ca\\\/study-skills\\\/#primaryimage\",\"url\":\"https:\\\/\\\/royalwest.emsb.qc.ca\\\/wp-content\\\/uploads\\\/sites\\\/8\\\/2024\\\/10\\\/IMG_4863-768x276.jpg\",\"contentUrl\":\"https:\\\/\\\/royalwest.emsb.qc.ca\\\/wp-content\\\/uploads\\\/sites\\\/8\\\/2024\\\/10\\\/IMG_4863-768x276.jpg\"},{\"@type\":\"BreadcrumbList\",\"@id\":\"https:\\\/\\\/royalwest.emsb.qc.ca\\\/study-skills\\\/#breadcrumb\",\"itemListElement\":[{\"@type\":\"ListItem\",\"position\":1,\"name\":\"Home\",\"item\":\"https:\\\/\\\/royalwest.emsb.qc.ca\\\/\"},{\"@type\":\"ListItem\",\"position\":2,\"name\":\"Study Skills\"}]},{\"@type\":\"WebSite\",\"@id\":\"https:\\\/\\\/royalwest.emsb.qc.ca\\\/#website\",\"url\":\"https:\\\/\\\/royalwest.emsb.qc.ca\\\/\",\"name\":\"Royal West Academy\",\"description\":\"Royal West Academy\",\"publisher\":{\"@id\":\"https:\\\/\\\/royalwest.emsb.qc.ca\\\/#organization\"},\"potentialAction\":[{\"@type\":\"SearchAction\",\"target\":{\"@type\":\"EntryPoint\",\"urlTemplate\":\"https:\\\/\\\/royalwest.emsb.qc.ca\\\/?s={search_term_string}\"},\"query-input\":{\"@type\":\"PropertyValueSpecification\",\"valueRequired\":true,\"valueName\":\"search_term_string\"}}],\"inLanguage\":\"fr-FR\"},{\"@type\":\"Organization\",\"@id\":\"https:\\\/\\\/royalwest.emsb.qc.ca\\\/#organization\",\"name\":\"Royal West Academy\",\"url\":\"https:\\\/\\\/royalwest.emsb.qc.ca\\\/\",\"logo\":{\"@type\":\"ImageObject\",\"inLanguage\":\"fr-FR\",\"@id\":\"https:\\\/\\\/royalwest.emsb.qc.ca\\\/#\\\/schema\\\/logo\\\/image\\\/\",\"url\":\"https:\\\/\\\/royalwest.emsb.qc.ca\\\/wp-content\\\/uploads\\\/sites\\\/8\\\/2024\\\/03\\\/Screenshot-2024-07-02-155539.jpg\",\"contentUrl\":\"https:\\\/\\\/royalwest.emsb.qc.ca\\\/wp-content\\\/uploads\\\/sites\\\/8\\\/2024\\\/03\\\/Screenshot-2024-07-02-155539.jpg\",\"width\":784,\"height\":562,\"caption\":\"Royal West Academy\"},\"image\":{\"@id\":\"https:\\\/\\\/royalwest.emsb.qc.ca\\\/#\\\/schema\\\/logo\\\/image\\\/\"}}]}<\/script>\n<!-- \/ Yoast SEO plugin. -->","yoast_head_json":{"title":"Study Skills - Royal West Academy","robots":{"index":"index","follow":"follow","max-snippet":"max-snippet:-1","max-image-preview":"max-image-preview:large","max-video-preview":"max-video-preview:-1"},"canonical":"https:\/\/royalwest.emsb.qc.ca\/fr\/study-skills\/","og_locale":"fr_FR","og_type":"article","og_title":"Study Skills - Royal West Academy","og_description":"Study Skills Our Guidance Department provides all grade 7 students with a study skills training program in the spring to help them learn about their own learning styles, as well as develop good study skills and working habits. Included are topics such as effective listening, reading and note-taking. The Career Centre has a study skills [&hellip;]","og_url":"https:\/\/royalwest.emsb.qc.ca\/fr\/study-skills\/","og_site_name":"Royal West Academy","article_modified_time":"2024-11-20T15:18:07+00:00","og_image":[{"url":"https:\/\/royalwest.emsb.qc.ca\/wp-content\/uploads\/sites\/8\/2024\/10\/IMG_4863-768x276.jpg","type":"","width":"","height":""}],"twitter_card":"summary_large_image","twitter_misc":{"Dur\u00e9e de lecture estim\u00e9e":"1 minute"},"schema":{"@context":"https:\/\/schema.org","@graph":[{"@type":"WebPage","@id":"https:\/\/royalwest.emsb.qc.ca\/study-skills\/","url":"https:\/\/royalwest.emsb.qc.ca\/study-skills\/","name":"Study Skills - Royal West Academy","isPartOf":{"@id":"https:\/\/royalwest.emsb.qc.ca\/#website"},"primaryImageOfPage":{"@id":"https:\/\/royalwest.emsb.qc.ca\/study-skills\/#primaryimage"},"image":{"@id":"https:\/\/royalwest.emsb.qc.ca\/study-skills\/#primaryimage"},"thumbnailUrl":"https:\/\/royalwest.emsb.qc.ca\/wp-content\/uploads\/sites\/8\/2024\/10\/IMG_4863-768x276.jpg","datePublished":"2024-11-08T18:40:05+00:00","dateModified":"2024-11-20T15:18:07+00:00","breadcrumb":{"@id":"https:\/\/royalwest.emsb.qc.ca\/study-skills\/#breadcrumb"},"inLanguage":"fr-FR","potentialAction":[{"@type":"ReadAction","target":["https:\/\/royalwest.emsb.qc.ca\/study-skills\/"]}]},{"@type":"ImageObject","inLanguage":"fr-FR","@id":"https:\/\/royalwest.emsb.qc.ca\/study-skills\/#primaryimage","url":"https:\/\/royalwest.emsb.qc.ca\/wp-content\/uploads\/sites\/8\/2024\/10\/IMG_4863-768x276.jpg","contentUrl":"https:\/\/royalwest.emsb.qc.ca\/wp-content\/uploads\/sites\/8\/2024\/10\/IMG_4863-768x276.jpg"},{"@type":"BreadcrumbList","@id":"https:\/\/royalwest.emsb.qc.ca\/study-skills\/#breadcrumb","itemListElement":[{"@type":"ListItem","position":1,"name":"Home","item":"https:\/\/royalwest.emsb.qc.ca\/"},{"@type":"ListItem","position":2,"name":"Study Skills"}]},{"@type":"WebSite","@id":"https:\/\/royalwest.emsb.qc.ca\/#website","url":"https:\/\/royalwest.emsb.qc.ca\/","name":"Acad\u00e9mie Royal West","description":"Acad\u00e9mie Royal West","publisher":{"@id":"https:\/\/royalwest.emsb.qc.ca\/#organization"},"potentialAction":[{"@type":"SearchAction","target":{"@type":"EntryPoint","urlTemplate":"https:\/\/royalwest.emsb.qc.ca\/?s={search_term_string}"},"query-input":{"@type":"PropertyValueSpecification","valueRequired":true,"valueName":"search_term_string"}}],"inLanguage":"fr-FR"},{"@type":"Organization","@id":"https:\/\/royalwest.emsb.qc.ca\/#organization","name":"Acad\u00e9mie Royal West","url":"https:\/\/royalwest.emsb.qc.ca\/","logo":{"@type":"ImageObject","inLanguage":"fr-FR","@id":"https:\/\/royalwest.emsb.qc.ca\/#\/schema\/logo\/image\/","url":"https:\/\/royalwest.emsb.qc.ca\/wp-content\/uploads\/sites\/8\/2024\/03\/Screenshot-2024-07-02-155539.jpg","contentUrl":"https:\/\/royalwest.emsb.qc.ca\/wp-content\/uploads\/sites\/8\/2024\/03\/Screenshot-2024-07-02-155539.jpg","width":784,"height":562,"caption":"Royal West Academy"},"image":{"@id":"https:\/\/royalwest.emsb.qc.ca\/#\/schema\/logo\/image\/"}}]}},"_links":{"self":[{"href":"https:\/\/royalwest.emsb.qc.ca\/fr\/wp-json\/wp\/v2\/pages\/11870","targetHints":{"allow":["GET"]}}],"collection":[{"href":"https:\/\/royalwest.emsb.qc.ca\/fr\/wp-json\/wp\/v2\/pages"}],"about":[{"href":"https:\/\/royalwest.emsb.qc.ca\/fr\/wp-json\/wp\/v2\/types\/page"}],"author":[{"embeddable":true,"href":"https:\/\/royalwest.emsb.qc.ca\/fr\/wp-json\/wp\/v2\/users\/11"}],"replies":[{"embeddable":true,"href":"https:\/\/royalwest.emsb.qc.ca\/fr\/wp-json\/wp\/v2\/comments?post=11870"}],"version-history":[{"count":13,"href":"https:\/\/royalwest.emsb.qc.ca\/fr\/wp-json\/wp\/v2\/pages\/11870\/revisions"}],"predecessor-version":[{"id":12369,"href":"https:\/\/royalwest.emsb.qc.ca\/fr\/wp-json\/wp\/v2\/pages\/11870\/revisions\/12369"}],"wp:attachment":[{"href":"https:\/\/royalwest.emsb.qc.ca\/fr\/wp-json\/wp\/v2\/media?parent=11870"}],"curies":[{"name":"wp","href":"https:\/\/api.w.org\/{rel}","templated":true}]}}