
{"id":11672,"date":"2024-11-06T10:35:13","date_gmt":"2024-11-06T15:35:13","guid":{"rendered":"https:\/\/royalwest.emsbstaging.com\/?page_id=11672"},"modified":"2024-11-22T13:12:55","modified_gmt":"2024-11-22T18:12:55","slug":"meq-secondary-education-program","status":"publish","type":"page","link":"https:\/\/royalwest.emsb.qc.ca\/fr\/meq-secondary-education-program\/","title":{"rendered":"MEQ - Programme d'enseignement secondaire"},"content":{"rendered":"<div data-elementor-type=\"wp-page\" data-elementor-id=\"11672\" class=\"elementor elementor-11672\" data-elementor-post-type=\"page\">\n\t\t\t\t\t\t<section class=\"elementor-section elementor-top-section elementor-element elementor-element-3195d8b6 elementor-section-full_width elementor-section-height-default elementor-section-height-default\" data-id=\"3195d8b6\" data-element_type=\"section\" data-e-type=\"section\" data-settings=\"{&quot;jet_parallax_layout_list&quot;:[]}\">\n\t\t\t\t\t\t<div class=\"elementor-container elementor-column-gap-default\">\n\t\t\t\t\t<div class=\"elementor-column elementor-col-100 elementor-top-column elementor-element elementor-element-2a06b17a\" data-id=\"2a06b17a\" data-element_type=\"column\" data-e-type=\"column\">\n\t\t\t<div class=\"elementor-widget-wrap elementor-element-populated\">\n\t\t\t\t\t\t<div class=\"elementor-element elementor-element-6c884ea0 elementor-widget elementor-widget-image\" data-id=\"6c884ea0\" data-element_type=\"widget\" data-e-type=\"widget\" data-widget_type=\"image.default\">\n\t\t\t\t<div class=\"elementor-widget-container\">\n\t\t\t\t\t\t\t\t\t\t\t\t\t\t\t<img fetchpriority=\"high\" decoding=\"async\" width=\"768\" height=\"199\" src=\"https:\/\/royalwest.emsb.qc.ca\/wp-content\/uploads\/sites\/8\/2024\/10\/IMG_4881-768x199.jpg\" class=\"attachment-medium_large size-medium_large wp-image-11428\" alt=\"\" srcset=\"https:\/\/royalwest.emsb.qc.ca\/wp-content\/uploads\/sites\/8\/2024\/10\/IMG_4881-768x199.jpg 768w, https:\/\/royalwest.emsb.qc.ca\/wp-content\/uploads\/sites\/8\/2024\/10\/IMG_4881-300x78.jpg 300w, https:\/\/royalwest.emsb.qc.ca\/wp-content\/uploads\/sites\/8\/2024\/10\/IMG_4881-1024x266.jpg 1024w, https:\/\/royalwest.emsb.qc.ca\/wp-content\/uploads\/sites\/8\/2024\/10\/IMG_4881-1536x398.jpg 1536w, https:\/\/royalwest.emsb.qc.ca\/wp-content\/uploads\/sites\/8\/2024\/10\/IMG_4881-18x5.jpg 18w, https:\/\/royalwest.emsb.qc.ca\/wp-content\/uploads\/sites\/8\/2024\/10\/IMG_4881.jpg 1920w\" sizes=\"(max-width: 768px) 100vw, 768px\" \/>\t\t\t\t\t\t\t\t\t\t\t\t\t\t\t<\/div>\n\t\t\t\t<\/div>\n\t\t\t\t\t<\/div>\n\t\t<\/div>\n\t\t\t\t\t<\/div>\n\t\t<\/section>\n\t\t\t\t<section class=\"elementor-section elementor-top-section elementor-element elementor-element-11d4aed elementor-section-boxed elementor-section-height-default elementor-section-height-default\" data-id=\"11d4aed\" data-element_type=\"section\" data-e-type=\"section\" data-settings=\"{&quot;jet_parallax_layout_list&quot;:[]}\">\n\t\t\t\t\t\t<div class=\"elementor-container elementor-column-gap-default\">\n\t\t\t\t\t<div class=\"elementor-column elementor-col-100 elementor-top-column elementor-element elementor-element-b93f0d0\" data-id=\"b93f0d0\" data-element_type=\"column\" data-e-type=\"column\">\n\t\t\t<div class=\"elementor-widget-wrap elementor-element-populated\">\n\t\t\t\t\t\t<div class=\"elementor-element elementor-element-882a37e elementor-widget elementor-widget-spacer\" data-id=\"882a37e\" data-element_type=\"widget\" data-e-type=\"widget\" data-widget_type=\"spacer.default\">\n\t\t\t\t<div class=\"elementor-widget-container\">\n\t\t\t\t\t\t\t<div class=\"elementor-spacer\">\n\t\t\t<div class=\"elementor-spacer-inner\"><\/div>\n\t\t<\/div>\n\t\t\t\t\t\t<\/div>\n\t\t\t\t<\/div>\n\t\t\t\t\t<\/div>\n\t\t<\/div>\n\t\t\t\t\t<\/div>\n\t\t<\/section>\n\t\t\t\t<section class=\"elementor-section elementor-top-section elementor-element elementor-element-2293ab47 elementor-section-boxed elementor-section-height-default elementor-section-height-default\" data-id=\"2293ab47\" data-element_type=\"section\" data-e-type=\"section\" data-settings=\"{&quot;jet_parallax_layout_list&quot;:[]}\">\n\t\t\t\t\t\t<div class=\"elementor-container elementor-column-gap-no\">\n\t\t\t\t\t<div class=\"elementor-column elementor-col-100 elementor-top-column elementor-element elementor-element-1cee71d8\" data-id=\"1cee71d8\" data-element_type=\"column\" data-e-type=\"column\">\n\t\t\t<div class=\"elementor-widget-wrap elementor-element-populated\">\n\t\t\t\t\t\t<div class=\"elementor-element elementor-element-fa83813 elementor-widget__width-auto elementor-widget elementor-widget-heading\" data-id=\"fa83813\" data-element_type=\"widget\" data-e-type=\"widget\" data-widget_type=\"heading.default\">\n\t\t\t\t<div class=\"elementor-widget-container\">\n\t\t\t\t\t<h2 class=\"elementor-heading-title elementor-size-default\">MEQ - Programme d'enseignement secondaire<\/h2>\t\t\t\t<\/div>\n\t\t\t\t<\/div>\n\t\t\t\t<div class=\"elementor-element elementor-element-8b2bb95 elementor-widget elementor-widget-text-editor\" data-id=\"8b2bb95\" data-element_type=\"widget\" data-e-type=\"widget\" data-widget_type=\"text-editor.default\">\n\t\t\t\t<div class=\"elementor-widget-container\">\n\t\t\t\t\t\t\t\t\t<p>Tous les \u00e9l\u00e8ves du Qu\u00e9bec inscrits \u00e0 l'enseignement secondaire suivent la formation g\u00e9n\u00e9rale pr\u00e9vue au Programme de formation de l'\u00e9cole qu\u00e9b\u00e9coise approuv\u00e9 par le\u00a0<a title=\"Le lien externe MEES s&#039;ouvre dans une nouvelle page\" href=\"http:\/\/www.education.gouv.qc.ca\/\" target=\"_blank\" rel=\"noopener\">minist\u00e8re de l'\u00c9ducation du Qu\u00e9bec (site fran\u00e7ais)<\/a>\u00a0-\u00a0<a title=\"Le lien externe MEES s&#039;ouvre dans une nouvelle page\" href=\"http:\/\/www.education.gouv.qc.ca\/\" target=\"_blank\" rel=\"noopener\">minist\u00e8re de l'\u00c9ducation du Qu\u00e9bec (site anglais)\u00a0<\/a>.<\/p><p><strong>Le Programme de formation de l'\u00e9cole qu\u00e9b\u00e9coise (PFEQ) est con\u00e7u comme un syst\u00e8me qui s'articule autour de trois \u00e9l\u00e9ments int\u00e9gratifs : domaines g\u00e9n\u00e9raux de formation, comp\u00e9tences transversales et domaines d'apprentissage disciplinaires.<\/strong>\u00a0Sa structure vise \u00e0 faciliter l'\u00e9tablissement de liens entre les diff\u00e9rentes parties qui le composent.<\/p><p>\u00a0<\/p><h4>Domaines g\u00e9n\u00e9raux de formation<\/h4><p>Le PFEQ pr\u00e9sente plusieurs domaines g\u00e9n\u00e9raux de formation qui touchent aux probl\u00e9matiques contemporaines auxquelles les jeunes doivent faire face, tant individuellement que collectivement, dans diff\u00e9rentes sph\u00e8res de leur vie. Ces domaines sont porteurs d'enjeux importants pour leur talent et leur cr\u00e9ativit\u00e9.\u00a0<strong>Cinq domaines ont \u00e9t\u00e9 choisis en fonction de leur importance pour la soci\u00e9t\u00e9 et de leur pertinence pour l'\u00e9ducation des \u00e9l\u00e8ves :<\/strong><\/p><ul><li><strong>Sant\u00e9 et bien-\u00eatre<\/strong><\/li><li><strong>Orientation et entrepreneuriat<\/strong><\/li><li><strong>Environnement et consommation<\/strong><\/li><li><strong>M\u00e9dias<\/strong><\/li><li><strong>Vivre-ensemble et citoyennet\u00e9<\/strong><\/li><\/ul><p>\u00a0<\/p><h4>Comp\u00e9tences transversales<\/h4><p>Expression de buts communs \u00e0 l\u2019ensemble du curriculum, les comp\u00e9tences transversales font r\u00e9f\u00e9rence \u00e0 des outils de divers ordres essentiels pour permettre \u00e0 l\u2019\u00e9l\u00e8ve de s\u2019adapter \u00e0 des situations vari\u00e9es et de poursuivre ses apprentissages sa vie durant.\u00a0<strong>Le PFEQ comprend neuf comp\u00e9tences transversales r\u00e9unies en quatre cat\u00e9gories :<\/strong><\/p><ul><li><strong>Ordre intellectuel :<\/strong>\u00a0exploiter l\u2019information; r\u00e9soudre des probl\u00e8mes; exercer son jugement critique; mettre en \u0153uvre sa pens\u00e9e cr\u00e9atrice<\/li><li><strong>Ordre m\u00e9thodologique<\/strong>: se donner des m\u00e9thodes de travail efficaces; exploiter les technologies de l\u2019information et de la communication<\/li><li><strong>Ordre personnel et social :<\/strong>\u00a0structurer son identit\u00e9, coop\u00e9rer<\/li><li><strong>Ordre de la communication :<\/strong>\u00a0communiquer de fa\u00e7on appropri\u00e9e<\/li><\/ul><p>\u00a0<\/p><h4>Domaines d'apprentissage disciplinaires<\/h4><p>Les domaines d\u2019apprentissage regroupent les disciplines scolaires (anglais, fran\u00e7ais, math\u00e9matique, etc.) qui ont des affinit\u00e9s et des int\u00e9r\u00eats communs.\u00a0<strong>La formation g\u00e9n\u00e9rale comprend six domaines d'apprentissage :<\/strong><\/p><ul><li><strong>Langues<\/strong><\/li><li><strong>Math\u00e9matique, science et technologie<\/strong><\/li><li><strong>Univers social<\/strong><\/li><li><strong>Arts<\/strong><\/li><li><strong>D\u00e9veloppement personnel<\/strong><\/li><li><strong>D\u00e9veloppement de carri\u00e8re<\/strong><\/li><\/ul>\t\t\t\t\t\t\t\t<\/div>\n\t\t\t\t<\/div>\n\t\t\t\t\t<\/div>\n\t\t<\/div>\n\t\t\t\t\t<\/div>\n\t\t<\/section>\n\t\t\t\t<\/div>","protected":false},"excerpt":{"rendered":"<p>MEQ \u2013 Secondary Education Program All high school students in Qu\u00e9bec pursue studies in the approved\u00a0Minist\u00e8re de l&#8217;\u00c9ducation et Enseignement sup\u00e9rieur (en fran\u00e7ais)\u00a0&#8211;\u00a0Minist\u00e8re de l&#8217;\u00c9ducation (English)\u00a0Quebec Education Program in General Studies. The Quebec Education Program (Q.E.P.) is designed as a system with three integrating elements: broad areas of learning, cross-curricular competencies and subject areas.\u00a0Its structure [&hellip;]<\/p>\n","protected":false},"author":11,"featured_media":0,"parent":0,"menu_order":0,"comment_status":"closed","ping_status":"closed","template":"","meta":{"site-sidebar-layout":"no-sidebar","site-content-layout":"page-builder","ast-site-content-layout":"full-width-container","site-content-style":"unboxed","site-sidebar-style":"unboxed","ast-global-header-display":"","ast-banner-title-visibility":"","ast-main-header-display":"","ast-hfb-above-header-display":"","ast-hfb-below-header-display":"","ast-hfb-mobile-header-display":"","site-post-title":"disabled","ast-breadcrumbs-content":"","ast-featured-img":"disabled","footer-sml-layout":"","ast-disable-related-posts":"","theme-transparent-header-meta":"default","adv-header-id-meta":"","stick-header-meta":"","header-above-stick-meta":"","header-main-stick-meta":"","header-below-stick-meta":"","astra-migrate-meta-layouts":"set","ast-page-background-enabled":"default","ast-page-background-meta":{"desktop":{"background-color":"var(--ast-global-color-4)","background-image":"","background-repeat":"repeat","background-position":"center center","background-size":"auto","background-attachment":"scroll","background-type":"","background-media":"","overlay-type":"","overlay-color":"","overlay-opacity":"","overlay-gradient":""},"tablet":{"background-color":"","background-image":"","background-repeat":"repeat","background-position":"center center","background-size":"auto","background-attachment":"scroll","background-type":"","background-media":"","overlay-type":"","overlay-color":"","overlay-opacity":"","overlay-gradient":""},"mobile":{"background-color":"","background-image":"","background-repeat":"repeat","background-position":"center center","background-size":"auto","background-attachment":"scroll","background-type":"","background-media":"","overlay-type":"","overlay-color":"","overlay-opacity":"","overlay-gradient":""}},"ast-content-background-meta":{"desktop":{"background-color":"var(--ast-global-color-5)","background-image":"","background-repeat":"repeat","background-position":"center center","background-size":"auto","background-attachment":"scroll","background-type":"","background-media":"","overlay-type":"","overlay-color":"","overlay-opacity":"","overlay-gradient":""},"tablet":{"background-color":"var(--ast-global-color-5)","background-image":"","background-repeat":"repeat","background-position":"center center","background-size":"auto","background-attachment":"scroll","background-type":"","background-media":"","overlay-type":"","overlay-color":"","overlay-opacity":"","overlay-gradient":""},"mobile":{"background-color":"var(--ast-global-color-5)","background-image":"","background-repeat":"repeat","background-position":"center center","background-size":"auto","background-attachment":"scroll","background-type":"","background-media":"","overlay-type":"","overlay-color":"","overlay-opacity":"","overlay-gradient":""}},"footnotes":""},"class_list":["post-11672","page","type-page","status-publish","hentry"],"yoast_head":"<!-- This site is optimized with the Yoast SEO plugin v27.5 - https:\/\/yoast.com\/product\/yoast-seo-wordpress\/ -->\n<title>MEQ \u2013 Secondary Education Program - Royal West Academy<\/title>\n<meta name=\"robots\" content=\"index, follow, max-snippet:-1, max-image-preview:large, max-video-preview:-1\" \/>\n<link rel=\"canonical\" href=\"https:\/\/royalwest.emsb.qc.ca\/fr\/meq-secondary-education-program\/\" \/>\n<meta property=\"og:locale\" content=\"fr_FR\" \/>\n<meta property=\"og:type\" content=\"article\" \/>\n<meta property=\"og:title\" content=\"MEQ \u2013 Secondary Education Program - Royal West Academy\" \/>\n<meta property=\"og:description\" content=\"MEQ \u2013 Secondary Education Program All high school students in Qu\u00e9bec pursue studies in the approved\u00a0Minist\u00e8re de l&#8217;\u00c9ducation et Enseignement sup\u00e9rieur (en fran\u00e7ais)\u00a0&#8211;\u00a0Minist\u00e8re de l&#8217;\u00c9ducation (English)\u00a0Quebec Education Program in General Studies. The Quebec Education Program (Q.E.P.) is designed as a system with three integrating elements: broad areas of learning, cross-curricular competencies and subject areas.\u00a0Its structure [&hellip;]\" \/>\n<meta property=\"og:url\" content=\"https:\/\/royalwest.emsb.qc.ca\/fr\/meq-secondary-education-program\/\" \/>\n<meta property=\"og:site_name\" content=\"Royal West Academy\" \/>\n<meta property=\"article:modified_time\" content=\"2024-11-22T18:12:55+00:00\" \/>\n<meta property=\"og:image\" content=\"https:\/\/royalwest.emsb.qc.ca\/wp-content\/uploads\/sites\/8\/2024\/10\/IMG_4881-768x199.jpg\" \/>\n<meta name=\"twitter:card\" content=\"summary_large_image\" \/>\n<meta name=\"twitter:label1\" content=\"Dur\u00e9e de lecture estim\u00e9e\" \/>\n\t<meta name=\"twitter:data1\" content=\"1 minute\" \/>\n<script type=\"application\/ld+json\" class=\"yoast-schema-graph\">{\"@context\":\"https:\\\/\\\/schema.org\",\"@graph\":[{\"@type\":\"WebPage\",\"@id\":\"https:\\\/\\\/royalwest.emsb.qc.ca\\\/meq-secondary-education-program\\\/\",\"url\":\"https:\\\/\\\/royalwest.emsb.qc.ca\\\/meq-secondary-education-program\\\/\",\"name\":\"MEQ \u2013 Secondary Education Program - Royal West Academy\",\"isPartOf\":{\"@id\":\"https:\\\/\\\/royalwest.emsb.qc.ca\\\/#website\"},\"primaryImageOfPage\":{\"@id\":\"https:\\\/\\\/royalwest.emsb.qc.ca\\\/meq-secondary-education-program\\\/#primaryimage\"},\"image\":{\"@id\":\"https:\\\/\\\/royalwest.emsb.qc.ca\\\/meq-secondary-education-program\\\/#primaryimage\"},\"thumbnailUrl\":\"https:\\\/\\\/royalwest.emsb.qc.ca\\\/wp-content\\\/uploads\\\/sites\\\/8\\\/2024\\\/10\\\/IMG_4881-768x199.jpg\",\"datePublished\":\"2024-11-06T15:35:13+00:00\",\"dateModified\":\"2024-11-22T18:12:55+00:00\",\"breadcrumb\":{\"@id\":\"https:\\\/\\\/royalwest.emsb.qc.ca\\\/meq-secondary-education-program\\\/#breadcrumb\"},\"inLanguage\":\"fr-FR\",\"potentialAction\":[{\"@type\":\"ReadAction\",\"target\":[\"https:\\\/\\\/royalwest.emsb.qc.ca\\\/meq-secondary-education-program\\\/\"]}]},{\"@type\":\"ImageObject\",\"inLanguage\":\"fr-FR\",\"@id\":\"https:\\\/\\\/royalwest.emsb.qc.ca\\\/meq-secondary-education-program\\\/#primaryimage\",\"url\":\"https:\\\/\\\/royalwest.emsb.qc.ca\\\/wp-content\\\/uploads\\\/sites\\\/8\\\/2024\\\/10\\\/IMG_4881-768x199.jpg\",\"contentUrl\":\"https:\\\/\\\/royalwest.emsb.qc.ca\\\/wp-content\\\/uploads\\\/sites\\\/8\\\/2024\\\/10\\\/IMG_4881-768x199.jpg\"},{\"@type\":\"BreadcrumbList\",\"@id\":\"https:\\\/\\\/royalwest.emsb.qc.ca\\\/meq-secondary-education-program\\\/#breadcrumb\",\"itemListElement\":[{\"@type\":\"ListItem\",\"position\":1,\"name\":\"Home\",\"item\":\"https:\\\/\\\/royalwest.emsb.qc.ca\\\/\"},{\"@type\":\"ListItem\",\"position\":2,\"name\":\"MEQ \u2013 Secondary Education Program\"}]},{\"@type\":\"WebSite\",\"@id\":\"https:\\\/\\\/royalwest.emsb.qc.ca\\\/#website\",\"url\":\"https:\\\/\\\/royalwest.emsb.qc.ca\\\/\",\"name\":\"Royal West Academy\",\"description\":\"Royal West Academy\",\"publisher\":{\"@id\":\"https:\\\/\\\/royalwest.emsb.qc.ca\\\/#organization\"},\"potentialAction\":[{\"@type\":\"SearchAction\",\"target\":{\"@type\":\"EntryPoint\",\"urlTemplate\":\"https:\\\/\\\/royalwest.emsb.qc.ca\\\/?s={search_term_string}\"},\"query-input\":{\"@type\":\"PropertyValueSpecification\",\"valueRequired\":true,\"valueName\":\"search_term_string\"}}],\"inLanguage\":\"fr-FR\"},{\"@type\":\"Organization\",\"@id\":\"https:\\\/\\\/royalwest.emsb.qc.ca\\\/#organization\",\"name\":\"Royal West Academy\",\"url\":\"https:\\\/\\\/royalwest.emsb.qc.ca\\\/\",\"logo\":{\"@type\":\"ImageObject\",\"inLanguage\":\"fr-FR\",\"@id\":\"https:\\\/\\\/royalwest.emsb.qc.ca\\\/#\\\/schema\\\/logo\\\/image\\\/\",\"url\":\"https:\\\/\\\/royalwest.emsb.qc.ca\\\/wp-content\\\/uploads\\\/sites\\\/8\\\/2024\\\/03\\\/Screenshot-2024-07-02-155539.jpg\",\"contentUrl\":\"https:\\\/\\\/royalwest.emsb.qc.ca\\\/wp-content\\\/uploads\\\/sites\\\/8\\\/2024\\\/03\\\/Screenshot-2024-07-02-155539.jpg\",\"width\":784,\"height\":562,\"caption\":\"Royal West Academy\"},\"image\":{\"@id\":\"https:\\\/\\\/royalwest.emsb.qc.ca\\\/#\\\/schema\\\/logo\\\/image\\\/\"}}]}<\/script>\n<!-- \/ Yoast SEO plugin. -->","yoast_head_json":{"title":"MEQ \u2013 Secondary Education Program - Royal West Academy","robots":{"index":"index","follow":"follow","max-snippet":"max-snippet:-1","max-image-preview":"max-image-preview:large","max-video-preview":"max-video-preview:-1"},"canonical":"https:\/\/royalwest.emsb.qc.ca\/fr\/meq-secondary-education-program\/","og_locale":"fr_FR","og_type":"article","og_title":"MEQ \u2013 Secondary Education Program - Royal West Academy","og_description":"MEQ \u2013 Secondary Education Program All high school students in Qu\u00e9bec pursue studies in the approved\u00a0Minist\u00e8re de l&#8217;\u00c9ducation et Enseignement sup\u00e9rieur (en fran\u00e7ais)\u00a0&#8211;\u00a0Minist\u00e8re de l&#8217;\u00c9ducation (English)\u00a0Quebec Education Program in General Studies. The Quebec Education Program (Q.E.P.) is designed as a system with three integrating elements: broad areas of learning, cross-curricular competencies and subject areas.\u00a0Its structure [&hellip;]","og_url":"https:\/\/royalwest.emsb.qc.ca\/fr\/meq-secondary-education-program\/","og_site_name":"Royal West Academy","article_modified_time":"2024-11-22T18:12:55+00:00","og_image":[{"url":"https:\/\/royalwest.emsb.qc.ca\/wp-content\/uploads\/sites\/8\/2024\/10\/IMG_4881-768x199.jpg","type":"","width":"","height":""}],"twitter_card":"summary_large_image","twitter_misc":{"Dur\u00e9e de lecture estim\u00e9e":"1 minute"},"schema":{"@context":"https:\/\/schema.org","@graph":[{"@type":"WebPage","@id":"https:\/\/royalwest.emsb.qc.ca\/meq-secondary-education-program\/","url":"https:\/\/royalwest.emsb.qc.ca\/meq-secondary-education-program\/","name":"MEQ \u2013 Secondary Education Program - Royal West Academy","isPartOf":{"@id":"https:\/\/royalwest.emsb.qc.ca\/#website"},"primaryImageOfPage":{"@id":"https:\/\/royalwest.emsb.qc.ca\/meq-secondary-education-program\/#primaryimage"},"image":{"@id":"https:\/\/royalwest.emsb.qc.ca\/meq-secondary-education-program\/#primaryimage"},"thumbnailUrl":"https:\/\/royalwest.emsb.qc.ca\/wp-content\/uploads\/sites\/8\/2024\/10\/IMG_4881-768x199.jpg","datePublished":"2024-11-06T15:35:13+00:00","dateModified":"2024-11-22T18:12:55+00:00","breadcrumb":{"@id":"https:\/\/royalwest.emsb.qc.ca\/meq-secondary-education-program\/#breadcrumb"},"inLanguage":"fr-FR","potentialAction":[{"@type":"ReadAction","target":["https:\/\/royalwest.emsb.qc.ca\/meq-secondary-education-program\/"]}]},{"@type":"ImageObject","inLanguage":"fr-FR","@id":"https:\/\/royalwest.emsb.qc.ca\/meq-secondary-education-program\/#primaryimage","url":"https:\/\/royalwest.emsb.qc.ca\/wp-content\/uploads\/sites\/8\/2024\/10\/IMG_4881-768x199.jpg","contentUrl":"https:\/\/royalwest.emsb.qc.ca\/wp-content\/uploads\/sites\/8\/2024\/10\/IMG_4881-768x199.jpg"},{"@type":"BreadcrumbList","@id":"https:\/\/royalwest.emsb.qc.ca\/meq-secondary-education-program\/#breadcrumb","itemListElement":[{"@type":"ListItem","position":1,"name":"Home","item":"https:\/\/royalwest.emsb.qc.ca\/"},{"@type":"ListItem","position":2,"name":"MEQ \u2013 Secondary Education Program"}]},{"@type":"WebSite","@id":"https:\/\/royalwest.emsb.qc.ca\/#website","url":"https:\/\/royalwest.emsb.qc.ca\/","name":"Acad\u00e9mie Royal West","description":"Acad\u00e9mie Royal West","publisher":{"@id":"https:\/\/royalwest.emsb.qc.ca\/#organization"},"potentialAction":[{"@type":"SearchAction","target":{"@type":"EntryPoint","urlTemplate":"https:\/\/royalwest.emsb.qc.ca\/?s={search_term_string}"},"query-input":{"@type":"PropertyValueSpecification","valueRequired":true,"valueName":"search_term_string"}}],"inLanguage":"fr-FR"},{"@type":"Organization","@id":"https:\/\/royalwest.emsb.qc.ca\/#organization","name":"Acad\u00e9mie Royal West","url":"https:\/\/royalwest.emsb.qc.ca\/","logo":{"@type":"ImageObject","inLanguage":"fr-FR","@id":"https:\/\/royalwest.emsb.qc.ca\/#\/schema\/logo\/image\/","url":"https:\/\/royalwest.emsb.qc.ca\/wp-content\/uploads\/sites\/8\/2024\/03\/Screenshot-2024-07-02-155539.jpg","contentUrl":"https:\/\/royalwest.emsb.qc.ca\/wp-content\/uploads\/sites\/8\/2024\/03\/Screenshot-2024-07-02-155539.jpg","width":784,"height":562,"caption":"Royal West Academy"},"image":{"@id":"https:\/\/royalwest.emsb.qc.ca\/#\/schema\/logo\/image\/"}}]}},"_links":{"self":[{"href":"https:\/\/royalwest.emsb.qc.ca\/fr\/wp-json\/wp\/v2\/pages\/11672","targetHints":{"allow":["GET"]}}],"collection":[{"href":"https:\/\/royalwest.emsb.qc.ca\/fr\/wp-json\/wp\/v2\/pages"}],"about":[{"href":"https:\/\/royalwest.emsb.qc.ca\/fr\/wp-json\/wp\/v2\/types\/page"}],"author":[{"embeddable":true,"href":"https:\/\/royalwest.emsb.qc.ca\/fr\/wp-json\/wp\/v2\/users\/11"}],"replies":[{"embeddable":true,"href":"https:\/\/royalwest.emsb.qc.ca\/fr\/wp-json\/wp\/v2\/comments?post=11672"}],"version-history":[{"count":7,"href":"https:\/\/royalwest.emsb.qc.ca\/fr\/wp-json\/wp\/v2\/pages\/11672\/revisions"}],"predecessor-version":[{"id":12468,"href":"https:\/\/royalwest.emsb.qc.ca\/fr\/wp-json\/wp\/v2\/pages\/11672\/revisions\/12468"}],"wp:attachment":[{"href":"https:\/\/royalwest.emsb.qc.ca\/fr\/wp-json\/wp\/v2\/media?parent=11672"}],"curies":[{"name":"wp","href":"https:\/\/api.w.org\/{rel}","templated":true}]}}