
{"id":11667,"date":"2024-11-06T10:29:38","date_gmt":"2024-11-06T15:29:38","guid":{"rendered":"https:\/\/royalwest.emsbstaging.com\/?page_id=11667"},"modified":"2024-11-06T10:30:02","modified_gmt":"2024-11-06T15:30:02","slug":"rwa-uniform","status":"publish","type":"page","link":"https:\/\/royalwest.emsb.qc.ca\/fr\/rwa-uniform\/","title":{"rendered":"Uniforme RWA"},"content":{"rendered":"<div data-elementor-type=\"wp-page\" data-elementor-id=\"11667\" class=\"elementor elementor-11667\" data-elementor-post-type=\"page\">\n\t\t\t\t\t\t<section class=\"elementor-section elementor-top-section elementor-element elementor-element-3195d8b6 elementor-section-full_width elementor-section-height-default elementor-section-height-default\" data-id=\"3195d8b6\" data-element_type=\"section\" data-e-type=\"section\" data-settings=\"{&quot;jet_parallax_layout_list&quot;:[]}\">\n\t\t\t\t\t\t<div class=\"elementor-container elementor-column-gap-default\">\n\t\t\t\t\t<div class=\"elementor-column elementor-col-100 elementor-top-column elementor-element elementor-element-2a06b17a\" data-id=\"2a06b17a\" data-element_type=\"column\" data-e-type=\"column\">\n\t\t\t<div class=\"elementor-widget-wrap elementor-element-populated\">\n\t\t\t\t\t\t<div class=\"elementor-element elementor-element-6c884ea0 elementor-widget elementor-widget-image\" data-id=\"6c884ea0\" data-element_type=\"widget\" data-e-type=\"widget\" data-widget_type=\"image.default\">\n\t\t\t\t<div class=\"elementor-widget-container\">\n\t\t\t\t\t\t\t\t\t\t\t\t\t\t\t<img fetchpriority=\"high\" decoding=\"async\" width=\"768\" height=\"224\" src=\"https:\/\/royalwest.emsb.qc.ca\/wp-content\/uploads\/sites\/8\/2024\/10\/RW-banner-1920x560-students-768x224.jpg\" class=\"attachment-medium_large size-medium_large wp-image-11353\" alt=\"\" srcset=\"https:\/\/royalwest.emsb.qc.ca\/wp-content\/uploads\/sites\/8\/2024\/10\/RW-banner-1920x560-students-768x224.jpg 768w, https:\/\/royalwest.emsb.qc.ca\/wp-content\/uploads\/sites\/8\/2024\/10\/RW-banner-1920x560-students-300x88.jpg 300w, https:\/\/royalwest.emsb.qc.ca\/wp-content\/uploads\/sites\/8\/2024\/10\/RW-banner-1920x560-students-1024x299.jpg 1024w, https:\/\/royalwest.emsb.qc.ca\/wp-content\/uploads\/sites\/8\/2024\/10\/RW-banner-1920x560-students-1536x448.jpg 1536w, https:\/\/royalwest.emsb.qc.ca\/wp-content\/uploads\/sites\/8\/2024\/10\/RW-banner-1920x560-students-18x5.jpg 18w, https:\/\/royalwest.emsb.qc.ca\/wp-content\/uploads\/sites\/8\/2024\/10\/RW-banner-1920x560-students.jpg 1920w\" sizes=\"(max-width: 768px) 100vw, 768px\" \/>\t\t\t\t\t\t\t\t\t\t\t\t\t\t\t<\/div>\n\t\t\t\t<\/div>\n\t\t\t\t\t<\/div>\n\t\t<\/div>\n\t\t\t\t\t<\/div>\n\t\t<\/section>\n\t\t\t\t<section class=\"elementor-section elementor-top-section elementor-element elementor-element-11d4aed elementor-section-boxed elementor-section-height-default elementor-section-height-default\" data-id=\"11d4aed\" data-element_type=\"section\" data-e-type=\"section\" data-settings=\"{&quot;jet_parallax_layout_list&quot;:[]}\">\n\t\t\t\t\t\t<div class=\"elementor-container elementor-column-gap-default\">\n\t\t\t\t\t<div class=\"elementor-column elementor-col-100 elementor-top-column elementor-element elementor-element-b93f0d0\" data-id=\"b93f0d0\" data-element_type=\"column\" data-e-type=\"column\">\n\t\t\t<div class=\"elementor-widget-wrap elementor-element-populated\">\n\t\t\t\t\t\t<div class=\"elementor-element elementor-element-882a37e elementor-widget elementor-widget-spacer\" data-id=\"882a37e\" data-element_type=\"widget\" data-e-type=\"widget\" data-widget_type=\"spacer.default\">\n\t\t\t\t<div class=\"elementor-widget-container\">\n\t\t\t\t\t\t\t<div class=\"elementor-spacer\">\n\t\t\t<div class=\"elementor-spacer-inner\"><\/div>\n\t\t<\/div>\n\t\t\t\t\t\t<\/div>\n\t\t\t\t<\/div>\n\t\t\t\t\t<\/div>\n\t\t<\/div>\n\t\t\t\t\t<\/div>\n\t\t<\/section>\n\t\t\t\t<section class=\"elementor-section elementor-top-section elementor-element elementor-element-2293ab47 elementor-section-boxed elementor-section-height-default elementor-section-height-default\" data-id=\"2293ab47\" data-element_type=\"section\" data-e-type=\"section\" data-settings=\"{&quot;jet_parallax_layout_list&quot;:[]}\">\n\t\t\t\t\t\t<div class=\"elementor-container elementor-column-gap-no\">\n\t\t\t\t\t<div class=\"elementor-column elementor-col-100 elementor-top-column elementor-element elementor-element-1cee71d8\" data-id=\"1cee71d8\" data-element_type=\"column\" data-e-type=\"column\">\n\t\t\t<div class=\"elementor-widget-wrap elementor-element-populated\">\n\t\t\t\t\t\t<div class=\"elementor-element elementor-element-fa83813 elementor-widget__width-auto elementor-widget elementor-widget-heading\" data-id=\"fa83813\" data-element_type=\"widget\" data-e-type=\"widget\" data-widget_type=\"heading.default\">\n\t\t\t\t<div class=\"elementor-widget-container\">\n\t\t\t\t\t<h2 class=\"elementor-heading-title elementor-size-default\">Uniformes scolaires<\/h2>\t\t\t\t<\/div>\n\t\t\t\t<\/div>\n\t\t\t\t<div class=\"elementor-element elementor-element-8b2bb95 elementor-widget elementor-widget-text-editor\" data-id=\"8b2bb95\" data-element_type=\"widget\" data-e-type=\"widget\" data-widget_type=\"text-editor.default\">\n\t\t\t\t<div class=\"elementor-widget-container\">\n\t\t\t\t\t\t\t\t\t<p class=\"p2\">Lors de la cr\u00e9ation de l'Acad\u00e9mie Royal West, un uniforme scolaire a \u00e9t\u00e9 institu\u00e9 pour plusieurs raisons. L'uniforme fait partie int\u00e9grante des efforts d\u00e9ploy\u00e9s par l'\u00e9cole pour cr\u00e9er un environnement structur\u00e9 dans lequel les \u00e9l\u00e8ves peuvent r\u00e9aliser leur potentiel. L'uniforme contribue \u00e0 unir le corps \u00e9tudiant en tant que groupe identifiable et permet d'\u00e9liminer la concurrence en mati\u00e8re de mode (et de budget).<\/p><p class=\"p2\">L'uniforme a \u00e9t\u00e9 soigneusement s\u00e9lectionn\u00e9 et est d'excellente qualit\u00e9. Dans la mesure du possible, l'uniforme est achet\u00e9 aupr\u00e8s d'entreprises qui appliquent des normes reconnues en mati\u00e8re d'emploi \u00e9thique.<\/p><p class=\"p2\">Il incombe \u00e0 chaque \u00e9l\u00e8ve d'arriver \u00e0 l'\u00e9cole et d'en repartir v\u00eatu de l'uniforme de l'\u00e9cole (\u00e0 l'exception des chaussures). En dehors de l'uniforme normal, seuls les pantalons de surv\u00eatement gris, marine ou bordeaux, de couleur unie et sans motifs, peuvent \u00eatre port\u00e9s pour se rendre \u00e0 l'\u00e9cole et se couvrir les jambes par temps froid<i>. <\/i>Les \u00e9l\u00e8ves qui participent \u00e0 une activit\u00e9 scolaire, que ce soit dans le b\u00e2timent ou en dehors de l'\u00e9cole, doivent porter l'uniforme. L'uniforme complet doit \u00eatre port\u00e9 d\u00e8s le premier jour d'\u00e9cole. Les uniformes doivent \u00eatre propres, repass\u00e9s et en bon \u00e9tat.<\/p><p class=\"p2\"><b>L'uniforme comprend : <\/b><\/p><p class=\"p2\">a. Une jupe ou un pantalon gris qui peut \u00eatre achet\u00e9 aupr\u00e8s du fournisseur de l'ARW, Top Marks. La jupe doit \u00eatre port\u00e9e \u00e0 la taille, <b>non roul\u00e9e<\/b>et avec l'\u00e9pingle officielle pour kilt. La longueur de la jupe doit descendre au-dessous du bout des doigts de l'\u00e9l\u00e8ve lorsque ses bras sont \u00e9tendus le long du corps. Les pantalons doivent \u00e9galement \u00eatre port\u00e9s \u00e0 la taille. La direction de l'Acad\u00e9mie Royal West se r\u00e9serve le droit de faire respecter le r\u00e8glement relatif \u00e0 l'uniforme scolaire et, en cas de non-respect r\u00e9current, l'\u00e9cole se r\u00e9serve le droit de demander aux parents ou aux tuteurs de remplacer l'uniforme scolaire.<\/p><p class=\"p2\">b. Un gilet, un chandail ou un blouson \u00e0 fermeture \u00e9clair de l'\u00e9cole, qui peut \u00eatre achet\u00e9 aupr\u00e8s du fournisseur de l'ARW, port\u00e9 de mani\u00e8re appropri\u00e9e.<\/p><p class=\"p2\">c. Une chemise ou un polo blanc uni, correctement port\u00e9, qui peut \u00eatre achet\u00e9 aupr\u00e8s du fournisseur de l'ARW et brod\u00e9 avec le logo de l'\u00e9cole. La seule combinaison autoris\u00e9e est un col roul\u00e9 blanc uni port\u00e9 sous une chemise ou un polo blanc uni <b>\u00e0 manches longues. <\/b>Les hauts doivent \u00eatre enti\u00e8rement rentr\u00e9s dans le pantalon et les v\u00eatements trop grands ou trop petits ne sont pas autoris\u00e9s. Les chemises doivent \u00eatre boutonn\u00e9es jusqu'\u00e0 l'avant-dernier bouton.<\/p><p class=\"p2\">d. <b>Les maillots de corps doivent \u00eatre blancs<\/b>.<\/p><p class=\"p2\">e. Les \u00e9l\u00e8ves doivent porter des chaussettes ou des collants de couleur unie et en bon \u00e9tat. Les couleurs acceptables sont le gris, le blanc, le noir ou le bleu marine. Si les collants et les chaussettes sont port\u00e9s en combinaison, ils doivent \u00eatre de couleur unie et assortie, comme indiqu\u00e9 ci-dessus.<\/p><p class=\"p2\">f. Chaussures - Seules les chaussures enti\u00e8rement noires (y compris les logos et les semelles), non marquantes, \u00e0 talon ferm\u00e9 et \u00e0 bout ferm\u00e9 peuvent \u00eatre port\u00e9es. Le port de chaussures \u00e0 plate-forme, \u00e0 talon haut, de sabots, de crocs, de sandales ou de bottes est interdit. Les lacets doivent \u00eatre noirs et attach\u00e9s.<\/p><p class=\"p2\">g. Accessoires - Seules les ceintures ordinaires de couleur noire, marron, gris fonc\u00e9, bleu marine ou blanche qui s'ins\u00e8rent dans les passants de ceinture peuvent \u00eatre port\u00e9es. Des bretelles unies de couleur marine, noire ou grise sont autoris\u00e9es. Aucun v\u00eatement d'ext\u00e9rieur tel que veste, bottes ou chapeau ne peut \u00eatre port\u00e9 \u00e0 l'\u00e9cole. Les cravates conservatrices peuvent \u00eatre port\u00e9es avec les chemises. Les bijoux doivent \u00eatre d'un <b>classique <\/b>(boucles d'oreilles, collier, ou un simple bouton de narine, etc.). <b>Aucun autre per\u00e7age facial visible, ni aucun tatouage n'est autoris\u00e9<\/b>. Le port d'\u00e9charpes, de bandeaux absorbants, de serre-nuque et de bracelets absorbants n'est pas autoris\u00e9. Le port de boutons, d'insignes ou d'accessoires non approuv\u00e9s est interdit, y compris les articles suspendus aux \u00e9pingles pour kilt.<\/p><p class=\"p2\">h. Il est interdit d'apporter des modifications qui changent l'apparence de l'uniforme (par exemple, pantalons \u00e0 pinces, poignets roul\u00e9s, ceintures roul\u00e9es, etc.).<\/p><p class=\"p2\">i. Les \u00e9l\u00e8ves qui ont les cheveux longs doivent les tenir \u00e9loign\u00e9s du visage. Pour des raisons de sant\u00e9 et de s\u00e9curit\u00e9, les cheveux longs doivent \u00eatre attach\u00e9s pendant les cours de sciences, d'\u00e9ducation physique et d'autres activit\u00e9s sportives. Aucun couvre-chef (par exemple, chapeaux, casquettes, bandanas complets, etc.) \u00e0 l'exception des couvre-chefs port\u00e9s pour des raisons religieuses. Les bandeaux sont acceptables.<\/p><p class=\"p2\"><b><i>Il incombe aux parents et aux tuteurs de veiller \u00e0 ce que les \u00e9l\u00e8ves respectent le r\u00e8glement relatif \u00e0 l'uniforme. Si l'\u00e9l\u00e8ve a modifi\u00e9 son uniforme d'une mani\u00e8re non conforme \u00e0 la politique en mati\u00e8re d'uniforme, il fera l'objet de mesures disciplinaires, y compris le renvoi <\/i><\/b><b><i>imm\u00e9diat \u00e0 la maison. <\/i><\/b><\/p>\t\t\t\t\t\t\t\t<\/div>\n\t\t\t\t<\/div>\n\t\t\t\t\t<\/div>\n\t\t<\/div>\n\t\t\t\t\t<\/div>\n\t\t<\/section>\n\t\t\t\t<\/div>","protected":false},"excerpt":{"rendered":"<p>School Uniform When Royal West Academy was founded, a school uniform was instituted for several reasons. The uniform is an integral part of the school\u2019s effort to create a structured environment where students can achieve their potential. The uniform helps unite the student body as an identifiable group and ensures that competition in fashion (and [&hellip;]<\/p>\n","protected":false},"author":11,"featured_media":0,"parent":0,"menu_order":0,"comment_status":"closed","ping_status":"closed","template":"","meta":{"site-sidebar-layout":"no-sidebar","site-content-layout":"page-builder","ast-site-content-layout":"full-width-container","site-content-style":"unboxed","site-sidebar-style":"unboxed","ast-global-header-display":"","ast-banner-title-visibility":"","ast-main-header-display":"","ast-hfb-above-header-display":"","ast-hfb-below-header-display":"","ast-hfb-mobile-header-display":"","site-post-title":"disabled","ast-breadcrumbs-content":"","ast-featured-img":"disabled","footer-sml-layout":"","ast-disable-related-posts":"","theme-transparent-header-meta":"default","adv-header-id-meta":"","stick-header-meta":"","header-above-stick-meta":"","header-main-stick-meta":"","header-below-stick-meta":"","astra-migrate-meta-layouts":"set","ast-page-background-enabled":"default","ast-page-background-meta":{"desktop":{"background-color":"var(--ast-global-color-4)","background-image":"","background-repeat":"repeat","background-position":"center center","background-size":"auto","background-attachment":"scroll","background-type":"","background-media":"","overlay-type":"","overlay-color":"","overlay-opacity":"","overlay-gradient":""},"tablet":{"background-color":"","background-image":"","background-repeat":"repeat","background-position":"center center","background-size":"auto","background-attachment":"scroll","background-type":"","background-media":"","overlay-type":"","overlay-color":"","overlay-opacity":"","overlay-gradient":""},"mobile":{"background-color":"","background-image":"","background-repeat":"repeat","background-position":"center center","background-size":"auto","background-attachment":"scroll","background-type":"","background-media":"","overlay-type":"","overlay-color":"","overlay-opacity":"","overlay-gradient":""}},"ast-content-background-meta":{"desktop":{"background-color":"var(--ast-global-color-5)","background-image":"","background-repeat":"repeat","background-position":"center center","background-size":"auto","background-attachment":"scroll","background-type":"","background-media":"","overlay-type":"","overlay-color":"","overlay-opacity":"","overlay-gradient":""},"tablet":{"background-color":"var(--ast-global-color-5)","background-image":"","background-repeat":"repeat","background-position":"center center","background-size":"auto","background-attachment":"scroll","background-type":"","background-media":"","overlay-type":"","overlay-color":"","overlay-opacity":"","overlay-gradient":""},"mobile":{"background-color":"var(--ast-global-color-5)","background-image":"","background-repeat":"repeat","background-position":"center center","background-size":"auto","background-attachment":"scroll","background-type":"","background-media":"","overlay-type":"","overlay-color":"","overlay-opacity":"","overlay-gradient":""}},"footnotes":""},"class_list":["post-11667","page","type-page","status-publish","hentry"],"yoast_head":"<!-- This site is optimized with the Yoast SEO plugin v27.5 - https:\/\/yoast.com\/product\/yoast-seo-wordpress\/ -->\n<title>RWA Uniform - Royal West Academy<\/title>\n<meta name=\"robots\" content=\"index, follow, max-snippet:-1, max-image-preview:large, max-video-preview:-1\" \/>\n<link rel=\"canonical\" href=\"https:\/\/royalwest.emsb.qc.ca\/fr\/rwa-uniform\/\" \/>\n<meta property=\"og:locale\" content=\"fr_FR\" \/>\n<meta property=\"og:type\" content=\"article\" \/>\n<meta property=\"og:title\" content=\"RWA Uniform - Royal West Academy\" \/>\n<meta property=\"og:description\" content=\"School Uniform When Royal West Academy was founded, a school uniform was instituted for several reasons. The uniform is an integral part of the school\u2019s effort to create a structured environment where students can achieve their potential. The uniform helps unite the student body as an identifiable group and ensures that competition in fashion (and [&hellip;]\" \/>\n<meta property=\"og:url\" content=\"https:\/\/royalwest.emsb.qc.ca\/fr\/rwa-uniform\/\" \/>\n<meta property=\"og:site_name\" content=\"Royal West Academy\" \/>\n<meta property=\"article:modified_time\" content=\"2024-11-06T15:30:02+00:00\" \/>\n<meta property=\"og:image\" content=\"https:\/\/royalwest.emsb.qc.ca\/wp-content\/uploads\/sites\/8\/2024\/10\/RW-banner-1920x560-students-768x224.jpg\" \/>\n<meta name=\"twitter:card\" content=\"summary_large_image\" \/>\n<meta name=\"twitter:label1\" content=\"Dur\u00e9e de lecture estim\u00e9e\" \/>\n\t<meta name=\"twitter:data1\" content=\"3 minutes\" \/>\n<script type=\"application\/ld+json\" class=\"yoast-schema-graph\">{\"@context\":\"https:\\\/\\\/schema.org\",\"@graph\":[{\"@type\":\"WebPage\",\"@id\":\"https:\\\/\\\/royalwest.emsb.qc.ca\\\/rwa-uniform\\\/\",\"url\":\"https:\\\/\\\/royalwest.emsb.qc.ca\\\/rwa-uniform\\\/\",\"name\":\"RWA Uniform - Royal West Academy\",\"isPartOf\":{\"@id\":\"https:\\\/\\\/royalwest.emsb.qc.ca\\\/#website\"},\"primaryImageOfPage\":{\"@id\":\"https:\\\/\\\/royalwest.emsb.qc.ca\\\/rwa-uniform\\\/#primaryimage\"},\"image\":{\"@id\":\"https:\\\/\\\/royalwest.emsb.qc.ca\\\/rwa-uniform\\\/#primaryimage\"},\"thumbnailUrl\":\"https:\\\/\\\/royalwest.emsb.qc.ca\\\/wp-content\\\/uploads\\\/sites\\\/8\\\/2024\\\/10\\\/RW-banner-1920x560-students-768x224.jpg\",\"datePublished\":\"2024-11-06T15:29:38+00:00\",\"dateModified\":\"2024-11-06T15:30:02+00:00\",\"breadcrumb\":{\"@id\":\"https:\\\/\\\/royalwest.emsb.qc.ca\\\/rwa-uniform\\\/#breadcrumb\"},\"inLanguage\":\"fr-FR\",\"potentialAction\":[{\"@type\":\"ReadAction\",\"target\":[\"https:\\\/\\\/royalwest.emsb.qc.ca\\\/rwa-uniform\\\/\"]}]},{\"@type\":\"ImageObject\",\"inLanguage\":\"fr-FR\",\"@id\":\"https:\\\/\\\/royalwest.emsb.qc.ca\\\/rwa-uniform\\\/#primaryimage\",\"url\":\"https:\\\/\\\/royalwest.emsb.qc.ca\\\/wp-content\\\/uploads\\\/sites\\\/8\\\/2024\\\/10\\\/RW-banner-1920x560-students-768x224.jpg\",\"contentUrl\":\"https:\\\/\\\/royalwest.emsb.qc.ca\\\/wp-content\\\/uploads\\\/sites\\\/8\\\/2024\\\/10\\\/RW-banner-1920x560-students-768x224.jpg\"},{\"@type\":\"BreadcrumbList\",\"@id\":\"https:\\\/\\\/royalwest.emsb.qc.ca\\\/rwa-uniform\\\/#breadcrumb\",\"itemListElement\":[{\"@type\":\"ListItem\",\"position\":1,\"name\":\"Home\",\"item\":\"https:\\\/\\\/royalwest.emsb.qc.ca\\\/\"},{\"@type\":\"ListItem\",\"position\":2,\"name\":\"RWA Uniform\"}]},{\"@type\":\"WebSite\",\"@id\":\"https:\\\/\\\/royalwest.emsb.qc.ca\\\/#website\",\"url\":\"https:\\\/\\\/royalwest.emsb.qc.ca\\\/\",\"name\":\"Royal West Academy\",\"description\":\"Royal West Academy\",\"publisher\":{\"@id\":\"https:\\\/\\\/royalwest.emsb.qc.ca\\\/#organization\"},\"potentialAction\":[{\"@type\":\"SearchAction\",\"target\":{\"@type\":\"EntryPoint\",\"urlTemplate\":\"https:\\\/\\\/royalwest.emsb.qc.ca\\\/?s={search_term_string}\"},\"query-input\":{\"@type\":\"PropertyValueSpecification\",\"valueRequired\":true,\"valueName\":\"search_term_string\"}}],\"inLanguage\":\"fr-FR\"},{\"@type\":\"Organization\",\"@id\":\"https:\\\/\\\/royalwest.emsb.qc.ca\\\/#organization\",\"name\":\"Royal West Academy\",\"url\":\"https:\\\/\\\/royalwest.emsb.qc.ca\\\/\",\"logo\":{\"@type\":\"ImageObject\",\"inLanguage\":\"fr-FR\",\"@id\":\"https:\\\/\\\/royalwest.emsb.qc.ca\\\/#\\\/schema\\\/logo\\\/image\\\/\",\"url\":\"https:\\\/\\\/royalwest.emsb.qc.ca\\\/wp-content\\\/uploads\\\/sites\\\/8\\\/2024\\\/03\\\/Screenshot-2024-07-02-155539.jpg\",\"contentUrl\":\"https:\\\/\\\/royalwest.emsb.qc.ca\\\/wp-content\\\/uploads\\\/sites\\\/8\\\/2024\\\/03\\\/Screenshot-2024-07-02-155539.jpg\",\"width\":784,\"height\":562,\"caption\":\"Royal West Academy\"},\"image\":{\"@id\":\"https:\\\/\\\/royalwest.emsb.qc.ca\\\/#\\\/schema\\\/logo\\\/image\\\/\"}}]}<\/script>\n<!-- \/ Yoast SEO plugin. -->","yoast_head_json":{"title":"RWA Uniform - Royal West Academy","robots":{"index":"index","follow":"follow","max-snippet":"max-snippet:-1","max-image-preview":"max-image-preview:large","max-video-preview":"max-video-preview:-1"},"canonical":"https:\/\/royalwest.emsb.qc.ca\/fr\/rwa-uniform\/","og_locale":"fr_FR","og_type":"article","og_title":"RWA Uniform - Royal West Academy","og_description":"School Uniform When Royal West Academy was founded, a school uniform was instituted for several reasons. The uniform is an integral part of the school\u2019s effort to create a structured environment where students can achieve their potential. The uniform helps unite the student body as an identifiable group and ensures that competition in fashion (and [&hellip;]","og_url":"https:\/\/royalwest.emsb.qc.ca\/fr\/rwa-uniform\/","og_site_name":"Royal West Academy","article_modified_time":"2024-11-06T15:30:02+00:00","og_image":[{"url":"https:\/\/royalwest.emsb.qc.ca\/wp-content\/uploads\/sites\/8\/2024\/10\/RW-banner-1920x560-students-768x224.jpg","type":"","width":"","height":""}],"twitter_card":"summary_large_image","twitter_misc":{"Dur\u00e9e de lecture estim\u00e9e":"3 minutes"},"schema":{"@context":"https:\/\/schema.org","@graph":[{"@type":"WebPage","@id":"https:\/\/royalwest.emsb.qc.ca\/rwa-uniform\/","url":"https:\/\/royalwest.emsb.qc.ca\/rwa-uniform\/","name":"RWA Uniform - Royal West Academy","isPartOf":{"@id":"https:\/\/royalwest.emsb.qc.ca\/#website"},"primaryImageOfPage":{"@id":"https:\/\/royalwest.emsb.qc.ca\/rwa-uniform\/#primaryimage"},"image":{"@id":"https:\/\/royalwest.emsb.qc.ca\/rwa-uniform\/#primaryimage"},"thumbnailUrl":"https:\/\/royalwest.emsb.qc.ca\/wp-content\/uploads\/sites\/8\/2024\/10\/RW-banner-1920x560-students-768x224.jpg","datePublished":"2024-11-06T15:29:38+00:00","dateModified":"2024-11-06T15:30:02+00:00","breadcrumb":{"@id":"https:\/\/royalwest.emsb.qc.ca\/rwa-uniform\/#breadcrumb"},"inLanguage":"fr-FR","potentialAction":[{"@type":"ReadAction","target":["https:\/\/royalwest.emsb.qc.ca\/rwa-uniform\/"]}]},{"@type":"ImageObject","inLanguage":"fr-FR","@id":"https:\/\/royalwest.emsb.qc.ca\/rwa-uniform\/#primaryimage","url":"https:\/\/royalwest.emsb.qc.ca\/wp-content\/uploads\/sites\/8\/2024\/10\/RW-banner-1920x560-students-768x224.jpg","contentUrl":"https:\/\/royalwest.emsb.qc.ca\/wp-content\/uploads\/sites\/8\/2024\/10\/RW-banner-1920x560-students-768x224.jpg"},{"@type":"BreadcrumbList","@id":"https:\/\/royalwest.emsb.qc.ca\/rwa-uniform\/#breadcrumb","itemListElement":[{"@type":"ListItem","position":1,"name":"Home","item":"https:\/\/royalwest.emsb.qc.ca\/"},{"@type":"ListItem","position":2,"name":"RWA Uniform"}]},{"@type":"WebSite","@id":"https:\/\/royalwest.emsb.qc.ca\/#website","url":"https:\/\/royalwest.emsb.qc.ca\/","name":"Acad\u00e9mie Royal West","description":"Acad\u00e9mie Royal West","publisher":{"@id":"https:\/\/royalwest.emsb.qc.ca\/#organization"},"potentialAction":[{"@type":"SearchAction","target":{"@type":"EntryPoint","urlTemplate":"https:\/\/royalwest.emsb.qc.ca\/?s={search_term_string}"},"query-input":{"@type":"PropertyValueSpecification","valueRequired":true,"valueName":"search_term_string"}}],"inLanguage":"fr-FR"},{"@type":"Organization","@id":"https:\/\/royalwest.emsb.qc.ca\/#organization","name":"Acad\u00e9mie Royal West","url":"https:\/\/royalwest.emsb.qc.ca\/","logo":{"@type":"ImageObject","inLanguage":"fr-FR","@id":"https:\/\/royalwest.emsb.qc.ca\/#\/schema\/logo\/image\/","url":"https:\/\/royalwest.emsb.qc.ca\/wp-content\/uploads\/sites\/8\/2024\/03\/Screenshot-2024-07-02-155539.jpg","contentUrl":"https:\/\/royalwest.emsb.qc.ca\/wp-content\/uploads\/sites\/8\/2024\/03\/Screenshot-2024-07-02-155539.jpg","width":784,"height":562,"caption":"Royal West Academy"},"image":{"@id":"https:\/\/royalwest.emsb.qc.ca\/#\/schema\/logo\/image\/"}}]}},"_links":{"self":[{"href":"https:\/\/royalwest.emsb.qc.ca\/fr\/wp-json\/wp\/v2\/pages\/11667","targetHints":{"allow":["GET"]}}],"collection":[{"href":"https:\/\/royalwest.emsb.qc.ca\/fr\/wp-json\/wp\/v2\/pages"}],"about":[{"href":"https:\/\/royalwest.emsb.qc.ca\/fr\/wp-json\/wp\/v2\/types\/page"}],"author":[{"embeddable":true,"href":"https:\/\/royalwest.emsb.qc.ca\/fr\/wp-json\/wp\/v2\/users\/11"}],"replies":[{"embeddable":true,"href":"https:\/\/royalwest.emsb.qc.ca\/fr\/wp-json\/wp\/v2\/comments?post=11667"}],"version-history":[{"count":4,"href":"https:\/\/royalwest.emsb.qc.ca\/fr\/wp-json\/wp\/v2\/pages\/11667\/revisions"}],"predecessor-version":[{"id":11671,"href":"https:\/\/royalwest.emsb.qc.ca\/fr\/wp-json\/wp\/v2\/pages\/11667\/revisions\/11671"}],"wp:attachment":[{"href":"https:\/\/royalwest.emsb.qc.ca\/fr\/wp-json\/wp\/v2\/media?parent=11667"}],"curies":[{"name":"wp","href":"https:\/\/api.w.org\/{rel}","templated":true}]}}