
{"id":11481,"date":"2024-10-29T16:55:48","date_gmt":"2024-10-29T20:55:48","guid":{"rendered":"https:\/\/royalwest.emsbstaging.com\/?page_id=11481"},"modified":"2025-02-25T10:21:17","modified_gmt":"2025-02-25T15:21:17","slug":"policies-and-procedures","status":"publish","type":"page","link":"https:\/\/royalwest.emsb.qc.ca\/fr\/policies-and-procedures\/","title":{"rendered":"Politiques et proc\u00e9dures"},"content":{"rendered":"<div data-elementor-type=\"wp-page\" data-elementor-id=\"11481\" class=\"elementor elementor-11481\" data-elementor-post-type=\"page\">\n\t\t\t\t\t\t<section class=\"elementor-section elementor-top-section elementor-element elementor-element-3195d8b6 elementor-section-full_width elementor-section-height-default elementor-section-height-default\" data-id=\"3195d8b6\" data-element_type=\"section\" data-e-type=\"section\" data-settings=\"{&quot;jet_parallax_layout_list&quot;:[]}\">\n\t\t\t\t\t\t<div class=\"elementor-container elementor-column-gap-default\">\n\t\t\t\t\t<div class=\"elementor-column elementor-col-100 elementor-top-column elementor-element elementor-element-2a06b17a\" data-id=\"2a06b17a\" data-element_type=\"column\" data-e-type=\"column\">\n\t\t\t<div class=\"elementor-widget-wrap elementor-element-populated\">\n\t\t\t\t\t\t<div class=\"elementor-element elementor-element-6c884ea0 elementor-widget elementor-widget-image\" data-id=\"6c884ea0\" data-element_type=\"widget\" data-e-type=\"widget\" data-widget_type=\"image.default\">\n\t\t\t\t<div class=\"elementor-widget-container\">\n\t\t\t\t\t\t\t\t\t\t\t\t\t\t\t<img fetchpriority=\"high\" decoding=\"async\" width=\"768\" height=\"269\" src=\"https:\/\/royalwest.emsb.qc.ca\/wp-content\/uploads\/sites\/8\/2024\/10\/IMG_4892-768x269.jpg\" class=\"attachment-medium_large size-medium_large wp-image-11430\" alt=\"\" srcset=\"https:\/\/royalwest.emsb.qc.ca\/wp-content\/uploads\/sites\/8\/2024\/10\/IMG_4892-768x269.jpg 768w, https:\/\/royalwest.emsb.qc.ca\/wp-content\/uploads\/sites\/8\/2024\/10\/IMG_4892-300x105.jpg 300w, https:\/\/royalwest.emsb.qc.ca\/wp-content\/uploads\/sites\/8\/2024\/10\/IMG_4892-1024x358.jpg 1024w, https:\/\/royalwest.emsb.qc.ca\/wp-content\/uploads\/sites\/8\/2024\/10\/IMG_4892-1536x538.jpg 1536w, https:\/\/royalwest.emsb.qc.ca\/wp-content\/uploads\/sites\/8\/2024\/10\/IMG_4892-18x6.jpg 18w, https:\/\/royalwest.emsb.qc.ca\/wp-content\/uploads\/sites\/8\/2024\/10\/IMG_4892.jpg 1920w\" sizes=\"(max-width: 768px) 100vw, 768px\" \/>\t\t\t\t\t\t\t\t\t\t\t\t\t\t\t<\/div>\n\t\t\t\t<\/div>\n\t\t\t\t\t<\/div>\n\t\t<\/div>\n\t\t\t\t\t<\/div>\n\t\t<\/section>\n\t\t\t\t<section class=\"elementor-section elementor-top-section elementor-element elementor-element-11d4aed elementor-section-boxed elementor-section-height-default elementor-section-height-default\" data-id=\"11d4aed\" data-element_type=\"section\" data-e-type=\"section\" data-settings=\"{&quot;jet_parallax_layout_list&quot;:[]}\">\n\t\t\t\t\t\t<div class=\"elementor-container elementor-column-gap-default\">\n\t\t\t\t\t<div class=\"elementor-column elementor-col-100 elementor-top-column elementor-element elementor-element-b93f0d0\" data-id=\"b93f0d0\" data-element_type=\"column\" data-e-type=\"column\">\n\t\t\t<div class=\"elementor-widget-wrap elementor-element-populated\">\n\t\t\t\t\t\t<div class=\"elementor-element elementor-element-882a37e elementor-widget elementor-widget-spacer\" data-id=\"882a37e\" data-element_type=\"widget\" data-e-type=\"widget\" data-widget_type=\"spacer.default\">\n\t\t\t\t<div class=\"elementor-widget-container\">\n\t\t\t\t\t\t\t<div class=\"elementor-spacer\">\n\t\t\t<div class=\"elementor-spacer-inner\"><\/div>\n\t\t<\/div>\n\t\t\t\t\t\t<\/div>\n\t\t\t\t<\/div>\n\t\t\t\t\t<\/div>\n\t\t<\/div>\n\t\t\t\t\t<\/div>\n\t\t<\/section>\n\t\t\t\t<section class=\"elementor-section elementor-top-section elementor-element elementor-element-2293ab47 elementor-section-boxed elementor-section-height-default elementor-section-height-default\" data-id=\"2293ab47\" data-element_type=\"section\" data-e-type=\"section\" data-settings=\"{&quot;jet_parallax_layout_list&quot;:[]}\">\n\t\t\t\t\t\t<div class=\"elementor-container elementor-column-gap-no\">\n\t\t\t\t\t<div class=\"elementor-column elementor-col-100 elementor-top-column elementor-element elementor-element-1cee71d8\" data-id=\"1cee71d8\" data-element_type=\"column\" data-e-type=\"column\">\n\t\t\t<div class=\"elementor-widget-wrap elementor-element-populated\">\n\t\t\t\t\t\t<div class=\"elementor-element elementor-element-fa83813 elementor-widget__width-auto elementor-widget elementor-widget-heading\" data-id=\"fa83813\" data-element_type=\"widget\" data-e-type=\"widget\" data-widget_type=\"heading.default\">\n\t\t\t\t<div class=\"elementor-widget-container\">\n\t\t\t\t\t<h2 class=\"elementor-heading-title elementor-size-default\">Politiques et proc\u00e9dures de l'ARW<\/h2>\t\t\t\t<\/div>\n\t\t\t\t<\/div>\n\t\t\t\t<div class=\"elementor-element elementor-element-8b2bb95 elementor-widget elementor-widget-text-editor\" data-id=\"8b2bb95\" data-element_type=\"widget\" data-e-type=\"widget\" data-widget_type=\"text-editor.default\">\n\t\t\t\t<div class=\"elementor-widget-container\">\n\t\t\t\t\t\t\t\t\t<div><p>Vous trouverez ici les lignes directrices qui fa\u00e7onnent notre communaut\u00e9 scolaire, qu'il s'agisse des routines quotidiennes ou des attentes plus larges. Ces documents fournissent un cadre clair, garantissant que chacun - \u00e9l\u00e8ves, personnel et familles - comprend son r\u00f4le et ses responsabilit\u00e9s. En suivant ces politiques, nous travaillons ensemble pour cr\u00e9er un environnement s\u00fbr, respectueux et inclusif, ancr\u00e9 dans nos valeurs communes.<\/p><\/div><div><div>\u00a0<\/div><\/div>\t\t\t\t\t\t\t\t<\/div>\n\t\t\t\t<\/div>\n\t\t\t\t\t<\/div>\n\t\t<\/div>\n\t\t\t\t\t<\/div>\n\t\t<\/section>\n\t\t\t\t<section class=\"elementor-section elementor-top-section elementor-element elementor-element-171354d elementor-section-boxed elementor-section-height-default elementor-section-height-default\" data-id=\"171354d\" data-element_type=\"section\" data-e-type=\"section\" data-settings=\"{&quot;jet_parallax_layout_list&quot;:[]}\">\n\t\t\t\t\t\t<div class=\"elementor-container elementor-column-gap-default\">\n\t\t\t\t\t<div class=\"elementor-column elementor-col-100 elementor-top-column elementor-element elementor-element-ad64d88\" data-id=\"ad64d88\" data-element_type=\"column\" data-e-type=\"column\">\n\t\t\t<div class=\"elementor-widget-wrap elementor-element-populated\">\n\t\t\t\t\t\t<div class=\"elementor-element elementor-element-d0c116f elementor-widget elementor-widget-accordion\" data-id=\"d0c116f\" data-element_type=\"widget\" data-e-type=\"widget\" data-widget_type=\"accordion.default\">\n\t\t\t\t<div class=\"elementor-widget-container\">\n\t\t\t\t\t\t\t<div class=\"elementor-accordion\">\n\t\t\t\t\t\t\t<div class=\"elementor-accordion-item\">\n\t\t\t\t\t<div id=\"elementor-tab-title-2181\" class=\"elementor-tab-title\" data-tab=\"1\" role=\"button\" aria-controls=\"elementor-tab-content-2181\" aria-expanded=\"false\">\n\t\t\t\t\t\t\t\t\t\t\t\t\t<span class=\"elementor-accordion-icon elementor-accordion-icon-right\" aria-hidden=\"true\">\n\t\t\t\t\t\t\t\t\t\t\t\t\t\t\t<span class=\"elementor-accordion-icon-closed\"><i class=\"fas fa-angle-right\"><\/i><\/span>\n\t\t\t\t\t\t\t\t<span class=\"elementor-accordion-icon-opened\"><i class=\"fas fa-angle-down\"><\/i><\/span>\n\t\t\t\t\t\t\t\t\t\t\t\t\t\t<\/span>\n\t\t\t\t\t\t\t\t\t\t\t\t<a class=\"elementor-accordion-title\" tabindex=\"0\">Politiques de l'ARW<\/a>\n\t\t\t\t\t<\/div>\n\t\t\t\t\t<div id=\"elementor-tab-content-2181\" class=\"elementor-tab-content elementor-clearfix\" data-tab=\"1\" role=\"region\" aria-labelledby=\"elementor-tab-title-2181\"><ul><li><a href=\"https:\/\/royalwest.emsb.qc.ca\/wp-content\/uploads\/sites\/8\/2025\/02\/Anti-Bullying-Anti-Violence-Plan-ABAV-2024-2025.pdf\">Plan de lutte contre l\u2019intimidation et la violence<\/a><\/li><li><a href=\"https:\/\/royalwest.emsb.qc.ca\/wp-content\/uploads\/sites\/8\/2024\/11\/Royal-West-Academy-Educational-Project-2023-2027-Approved-March-12-2024.pdf\">Projet \u00e9ducatif<\/a><\/li><li><a href=\"https:\/\/royalwest.emsb.qc.ca\/wp-content\/uploads\/sites\/8\/2025\/02\/111-RWA-Secondary-Action-Plan.pdf\">Plan d'action du projet \u00e9ducatif<\/a><\/li><li><a href=\"https:\/\/royalwest.emsb.qc.ca\/fr\/code-of-conduct\/\">Code de vie<\/a><\/li><\/ul><\/div>\n\t\t\t\t<\/div>\n\t\t\t\t\t\t\t\t<\/div>\n\t\t\t\t\t\t<\/div>\n\t\t\t\t<\/div>\n\t\t\t\t\t<\/div>\n\t\t<\/div>\n\t\t\t\t\t<\/div>\n\t\t<\/section>\n\t\t\t\t<\/div>","protected":false},"excerpt":{"rendered":"<p>RWA Policies and Procedures Here, you&#8217;ll find the guidelines that shape our school community, from day-to-day routines to broader expectations. These documents provide a clear framework, ensuring that everyone\u2014students, staff, and families\u2014understands their roles and responsibilities. By following these policies, we work together to create a safe, respectful, and inclusive environment rooted in our shared [&hellip;]<\/p>\n","protected":false},"author":11,"featured_media":0,"parent":0,"menu_order":0,"comment_status":"closed","ping_status":"closed","template":"","meta":{"site-sidebar-layout":"no-sidebar","site-content-layout":"page-builder","ast-site-content-layout":"full-width-container","site-content-style":"unboxed","site-sidebar-style":"unboxed","ast-global-header-display":"","ast-banner-title-visibility":"","ast-main-header-display":"","ast-hfb-above-header-display":"","ast-hfb-below-header-display":"","ast-hfb-mobile-header-display":"","site-post-title":"disabled","ast-breadcrumbs-content":"","ast-featured-img":"disabled","footer-sml-layout":"","ast-disable-related-posts":"","theme-transparent-header-meta":"default","adv-header-id-meta":"","stick-header-meta":"","header-above-stick-meta":"","header-main-stick-meta":"","header-below-stick-meta":"","astra-migrate-meta-layouts":"set","ast-page-background-enabled":"default","ast-page-background-meta":{"desktop":{"background-color":"var(--ast-global-color-4)","background-image":"","background-repeat":"repeat","background-position":"center center","background-size":"auto","background-attachment":"scroll","background-type":"","background-media":"","overlay-type":"","overlay-color":"","overlay-opacity":"","overlay-gradient":""},"tablet":{"background-color":"","background-image":"","background-repeat":"repeat","background-position":"center center","background-size":"auto","background-attachment":"scroll","background-type":"","background-media":"","overlay-type":"","overlay-color":"","overlay-opacity":"","overlay-gradient":""},"mobile":{"background-color":"","background-image":"","background-repeat":"repeat","background-position":"center center","background-size":"auto","background-attachment":"scroll","background-type":"","background-media":"","overlay-type":"","overlay-color":"","overlay-opacity":"","overlay-gradient":""}},"ast-content-background-meta":{"desktop":{"background-color":"var(--ast-global-color-5)","background-image":"","background-repeat":"repeat","background-position":"center center","background-size":"auto","background-attachment":"scroll","background-type":"","background-media":"","overlay-type":"","overlay-color":"","overlay-opacity":"","overlay-gradient":""},"tablet":{"background-color":"var(--ast-global-color-5)","background-image":"","background-repeat":"repeat","background-position":"center center","background-size":"auto","background-attachment":"scroll","background-type":"","background-media":"","overlay-type":"","overlay-color":"","overlay-opacity":"","overlay-gradient":""},"mobile":{"background-color":"var(--ast-global-color-5)","background-image":"","background-repeat":"repeat","background-position":"center center","background-size":"auto","background-attachment":"scroll","background-type":"","background-media":"","overlay-type":"","overlay-color":"","overlay-opacity":"","overlay-gradient":""}},"footnotes":""},"class_list":["post-11481","page","type-page","status-publish","hentry"],"yoast_head":"<!-- This site is optimized with the Yoast SEO plugin v27.5 - https:\/\/yoast.com\/product\/yoast-seo-wordpress\/ -->\n<title>Policies and Procedures - Royal West Academy<\/title>\n<meta name=\"robots\" content=\"index, follow, max-snippet:-1, max-image-preview:large, max-video-preview:-1\" \/>\n<link rel=\"canonical\" href=\"https:\/\/royalwest.emsb.qc.ca\/fr\/policies-and-procedures\/\" \/>\n<meta property=\"og:locale\" content=\"fr_FR\" \/>\n<meta property=\"og:type\" content=\"article\" \/>\n<meta property=\"og:title\" content=\"Policies and Procedures - Royal West Academy\" \/>\n<meta property=\"og:description\" content=\"RWA Policies and Procedures Here, you&#8217;ll find the guidelines that shape our school community, from day-to-day routines to broader expectations. These documents provide a clear framework, ensuring that everyone\u2014students, staff, and families\u2014understands their roles and responsibilities. By following these policies, we work together to create a safe, respectful, and inclusive environment rooted in our shared [&hellip;]\" \/>\n<meta property=\"og:url\" content=\"https:\/\/royalwest.emsb.qc.ca\/fr\/policies-and-procedures\/\" \/>\n<meta property=\"og:site_name\" content=\"Royal West Academy\" \/>\n<meta property=\"article:modified_time\" content=\"2025-02-25T15:21:17+00:00\" \/>\n<meta property=\"og:image\" content=\"https:\/\/royalwest.emsb.qc.ca\/wp-content\/uploads\/sites\/8\/2024\/10\/IMG_4892.jpg\" \/>\n\t<meta property=\"og:image:width\" content=\"1920\" \/>\n\t<meta property=\"og:image:height\" content=\"672\" \/>\n\t<meta property=\"og:image:type\" content=\"image\/jpeg\" \/>\n<meta name=\"twitter:card\" content=\"summary_large_image\" \/>\n<meta name=\"twitter:label1\" content=\"Dur\u00e9e de lecture estim\u00e9e\" \/>\n\t<meta name=\"twitter:data1\" content=\"1 minute\" \/>\n<script type=\"application\/ld+json\" class=\"yoast-schema-graph\">{\"@context\":\"https:\\\/\\\/schema.org\",\"@graph\":[{\"@type\":\"WebPage\",\"@id\":\"https:\\\/\\\/royalwest.emsb.qc.ca\\\/policies-and-procedures\\\/\",\"url\":\"https:\\\/\\\/royalwest.emsb.qc.ca\\\/policies-and-procedures\\\/\",\"name\":\"Policies and Procedures - Royal West Academy\",\"isPartOf\":{\"@id\":\"https:\\\/\\\/royalwest.emsb.qc.ca\\\/#website\"},\"primaryImageOfPage\":{\"@id\":\"https:\\\/\\\/royalwest.emsb.qc.ca\\\/policies-and-procedures\\\/#primaryimage\"},\"image\":{\"@id\":\"https:\\\/\\\/royalwest.emsb.qc.ca\\\/policies-and-procedures\\\/#primaryimage\"},\"thumbnailUrl\":\"https:\\\/\\\/royalwest.emsb.qc.ca\\\/wp-content\\\/uploads\\\/sites\\\/8\\\/2024\\\/10\\\/IMG_4892-768x269.jpg\",\"datePublished\":\"2024-10-29T20:55:48+00:00\",\"dateModified\":\"2025-02-25T15:21:17+00:00\",\"breadcrumb\":{\"@id\":\"https:\\\/\\\/royalwest.emsb.qc.ca\\\/policies-and-procedures\\\/#breadcrumb\"},\"inLanguage\":\"fr-FR\",\"potentialAction\":[{\"@type\":\"ReadAction\",\"target\":[\"https:\\\/\\\/royalwest.emsb.qc.ca\\\/policies-and-procedures\\\/\"]}]},{\"@type\":\"ImageObject\",\"inLanguage\":\"fr-FR\",\"@id\":\"https:\\\/\\\/royalwest.emsb.qc.ca\\\/policies-and-procedures\\\/#primaryimage\",\"url\":\"https:\\\/\\\/royalwest.emsb.qc.ca\\\/wp-content\\\/uploads\\\/sites\\\/8\\\/2024\\\/10\\\/IMG_4892-768x269.jpg\",\"contentUrl\":\"https:\\\/\\\/royalwest.emsb.qc.ca\\\/wp-content\\\/uploads\\\/sites\\\/8\\\/2024\\\/10\\\/IMG_4892-768x269.jpg\"},{\"@type\":\"BreadcrumbList\",\"@id\":\"https:\\\/\\\/royalwest.emsb.qc.ca\\\/policies-and-procedures\\\/#breadcrumb\",\"itemListElement\":[{\"@type\":\"ListItem\",\"position\":1,\"name\":\"Home\",\"item\":\"https:\\\/\\\/royalwest.emsb.qc.ca\\\/\"},{\"@type\":\"ListItem\",\"position\":2,\"name\":\"Policies and Procedures\"}]},{\"@type\":\"WebSite\",\"@id\":\"https:\\\/\\\/royalwest.emsb.qc.ca\\\/#website\",\"url\":\"https:\\\/\\\/royalwest.emsb.qc.ca\\\/\",\"name\":\"Royal West Academy\",\"description\":\"Royal West Academy\",\"publisher\":{\"@id\":\"https:\\\/\\\/royalwest.emsb.qc.ca\\\/#organization\"},\"potentialAction\":[{\"@type\":\"SearchAction\",\"target\":{\"@type\":\"EntryPoint\",\"urlTemplate\":\"https:\\\/\\\/royalwest.emsb.qc.ca\\\/?s={search_term_string}\"},\"query-input\":{\"@type\":\"PropertyValueSpecification\",\"valueRequired\":true,\"valueName\":\"search_term_string\"}}],\"inLanguage\":\"fr-FR\"},{\"@type\":\"Organization\",\"@id\":\"https:\\\/\\\/royalwest.emsb.qc.ca\\\/#organization\",\"name\":\"Royal West Academy\",\"url\":\"https:\\\/\\\/royalwest.emsb.qc.ca\\\/\",\"logo\":{\"@type\":\"ImageObject\",\"inLanguage\":\"fr-FR\",\"@id\":\"https:\\\/\\\/royalwest.emsb.qc.ca\\\/#\\\/schema\\\/logo\\\/image\\\/\",\"url\":\"https:\\\/\\\/royalwest.emsb.qc.ca\\\/wp-content\\\/uploads\\\/sites\\\/8\\\/2024\\\/03\\\/Screenshot-2024-07-02-155539.jpg\",\"contentUrl\":\"https:\\\/\\\/royalwest.emsb.qc.ca\\\/wp-content\\\/uploads\\\/sites\\\/8\\\/2024\\\/03\\\/Screenshot-2024-07-02-155539.jpg\",\"width\":784,\"height\":562,\"caption\":\"Royal West Academy\"},\"image\":{\"@id\":\"https:\\\/\\\/royalwest.emsb.qc.ca\\\/#\\\/schema\\\/logo\\\/image\\\/\"}}]}<\/script>\n<!-- \/ Yoast SEO plugin. -->","yoast_head_json":{"title":"Policies and Procedures - Royal West Academy","robots":{"index":"index","follow":"follow","max-snippet":"max-snippet:-1","max-image-preview":"max-image-preview:large","max-video-preview":"max-video-preview:-1"},"canonical":"https:\/\/royalwest.emsb.qc.ca\/fr\/policies-and-procedures\/","og_locale":"fr_FR","og_type":"article","og_title":"Policies and Procedures - Royal West Academy","og_description":"RWA Policies and Procedures Here, you&#8217;ll find the guidelines that shape our school community, from day-to-day routines to broader expectations. These documents provide a clear framework, ensuring that everyone\u2014students, staff, and families\u2014understands their roles and responsibilities. By following these policies, we work together to create a safe, respectful, and inclusive environment rooted in our shared [&hellip;]","og_url":"https:\/\/royalwest.emsb.qc.ca\/fr\/policies-and-procedures\/","og_site_name":"Royal West Academy","article_modified_time":"2025-02-25T15:21:17+00:00","og_image":[{"width":1920,"height":672,"url":"https:\/\/royalwest.emsb.qc.ca\/wp-content\/uploads\/sites\/8\/2024\/10\/IMG_4892.jpg","type":"image\/jpeg"}],"twitter_card":"summary_large_image","twitter_misc":{"Dur\u00e9e de lecture estim\u00e9e":"1 minute"},"schema":{"@context":"https:\/\/schema.org","@graph":[{"@type":"WebPage","@id":"https:\/\/royalwest.emsb.qc.ca\/policies-and-procedures\/","url":"https:\/\/royalwest.emsb.qc.ca\/policies-and-procedures\/","name":"Policies and Procedures - Royal West Academy","isPartOf":{"@id":"https:\/\/royalwest.emsb.qc.ca\/#website"},"primaryImageOfPage":{"@id":"https:\/\/royalwest.emsb.qc.ca\/policies-and-procedures\/#primaryimage"},"image":{"@id":"https:\/\/royalwest.emsb.qc.ca\/policies-and-procedures\/#primaryimage"},"thumbnailUrl":"https:\/\/royalwest.emsb.qc.ca\/wp-content\/uploads\/sites\/8\/2024\/10\/IMG_4892-768x269.jpg","datePublished":"2024-10-29T20:55:48+00:00","dateModified":"2025-02-25T15:21:17+00:00","breadcrumb":{"@id":"https:\/\/royalwest.emsb.qc.ca\/policies-and-procedures\/#breadcrumb"},"inLanguage":"fr-FR","potentialAction":[{"@type":"ReadAction","target":["https:\/\/royalwest.emsb.qc.ca\/policies-and-procedures\/"]}]},{"@type":"ImageObject","inLanguage":"fr-FR","@id":"https:\/\/royalwest.emsb.qc.ca\/policies-and-procedures\/#primaryimage","url":"https:\/\/royalwest.emsb.qc.ca\/wp-content\/uploads\/sites\/8\/2024\/10\/IMG_4892-768x269.jpg","contentUrl":"https:\/\/royalwest.emsb.qc.ca\/wp-content\/uploads\/sites\/8\/2024\/10\/IMG_4892-768x269.jpg"},{"@type":"BreadcrumbList","@id":"https:\/\/royalwest.emsb.qc.ca\/policies-and-procedures\/#breadcrumb","itemListElement":[{"@type":"ListItem","position":1,"name":"Home","item":"https:\/\/royalwest.emsb.qc.ca\/"},{"@type":"ListItem","position":2,"name":"Policies and Procedures"}]},{"@type":"WebSite","@id":"https:\/\/royalwest.emsb.qc.ca\/#website","url":"https:\/\/royalwest.emsb.qc.ca\/","name":"Acad\u00e9mie Royal West","description":"Acad\u00e9mie Royal West","publisher":{"@id":"https:\/\/royalwest.emsb.qc.ca\/#organization"},"potentialAction":[{"@type":"SearchAction","target":{"@type":"EntryPoint","urlTemplate":"https:\/\/royalwest.emsb.qc.ca\/?s={search_term_string}"},"query-input":{"@type":"PropertyValueSpecification","valueRequired":true,"valueName":"search_term_string"}}],"inLanguage":"fr-FR"},{"@type":"Organization","@id":"https:\/\/royalwest.emsb.qc.ca\/#organization","name":"Acad\u00e9mie Royal West","url":"https:\/\/royalwest.emsb.qc.ca\/","logo":{"@type":"ImageObject","inLanguage":"fr-FR","@id":"https:\/\/royalwest.emsb.qc.ca\/#\/schema\/logo\/image\/","url":"https:\/\/royalwest.emsb.qc.ca\/wp-content\/uploads\/sites\/8\/2024\/03\/Screenshot-2024-07-02-155539.jpg","contentUrl":"https:\/\/royalwest.emsb.qc.ca\/wp-content\/uploads\/sites\/8\/2024\/03\/Screenshot-2024-07-02-155539.jpg","width":784,"height":562,"caption":"Royal West Academy"},"image":{"@id":"https:\/\/royalwest.emsb.qc.ca\/#\/schema\/logo\/image\/"}}]}},"_links":{"self":[{"href":"https:\/\/royalwest.emsb.qc.ca\/fr\/wp-json\/wp\/v2\/pages\/11481","targetHints":{"allow":["GET"]}}],"collection":[{"href":"https:\/\/royalwest.emsb.qc.ca\/fr\/wp-json\/wp\/v2\/pages"}],"about":[{"href":"https:\/\/royalwest.emsb.qc.ca\/fr\/wp-json\/wp\/v2\/types\/page"}],"author":[{"embeddable":true,"href":"https:\/\/royalwest.emsb.qc.ca\/fr\/wp-json\/wp\/v2\/users\/11"}],"replies":[{"embeddable":true,"href":"https:\/\/royalwest.emsb.qc.ca\/fr\/wp-json\/wp\/v2\/comments?post=11481"}],"version-history":[{"count":19,"href":"https:\/\/royalwest.emsb.qc.ca\/fr\/wp-json\/wp\/v2\/pages\/11481\/revisions"}],"predecessor-version":[{"id":13119,"href":"https:\/\/royalwest.emsb.qc.ca\/fr\/wp-json\/wp\/v2\/pages\/11481\/revisions\/13119"}],"wp:attachment":[{"href":"https:\/\/royalwest.emsb.qc.ca\/fr\/wp-json\/wp\/v2\/media?parent=11481"}],"curies":[{"name":"wp","href":"https:\/\/api.w.org\/{rel}","templated":true}]}}